{"id":1814,"date":"2024-04-18T22:34:24","date_gmt":"2024-04-18T22:34:24","guid":{"rendered":"https:\/\/emetgroup.lt\/privatumo-politika\/"},"modified":"2025-09-29T18:42:11","modified_gmt":"2025-09-29T18:42:11","slug":"privatumo-politika","status":"publish","type":"page","link":"https:\/\/emetgroup.lt\/lt\/privatumo-politika\/","title":{"rendered":"Privatumo politika"},"content":{"rendered":"\t\t<div data-elementor-type=\"wp-page\" data-elementor-id=\"1814\" class=\"elementor elementor-1814 elementor-1557\" data-elementor-post-type=\"page\">\n\t\t\t\t<div class=\"elementor-element elementor-element-530e7d08 e-flex e-con-boxed e-con e-parent\" data-id=\"530e7d08\" data-element_type=\"container\" data-e-type=\"container\" data-settings=\"{&quot;background_background&quot;:&quot;classic&quot;}\">\n\t\t\t\t\t<div class=\"e-con-inner\">\n\t\t<div class=\"elementor-element elementor-element-35d7c64e e-con-full e-flex e-con e-child\" data-id=\"35d7c64e\" data-element_type=\"container\" data-e-type=\"container\">\n\t\t\t\t<div class=\"elementor-element elementor-element-7946e5a2 elementor-widget elementor-widget-heading\" data-id=\"7946e5a2\" data-element_type=\"widget\" data-e-type=\"widget\" data-widget_type=\"heading.default\">\n\t\t\t\t<div class=\"elementor-widget-container\">\n\t\t\t\t\t<h1 class=\"elementor-heading-title elementor-size-default\">Privatumo politika<\/h1>\t\t\t\t<\/div>\n\t\t\t\t<\/div>\n\t\t\t\t<\/div>\n\t\t\t\t\t<\/div>\n\t\t\t\t<\/div>\n\t\t<div class=\"elementor-element elementor-element-ae1dfb7 e-flex e-con-boxed e-con e-parent\" data-id=\"ae1dfb7\" data-element_type=\"container\" data-e-type=\"container\">\n\t\t\t\t\t<div class=\"e-con-inner\">\n\t\t\t\t<div class=\"elementor-element elementor-element-d680c75 elementor-widget elementor-widget-text-editor\" data-id=\"d680c75\" data-element_type=\"widget\" data-e-type=\"widget\" data-widget_type=\"text-editor.default\">\n\t\t\t\t<div class=\"elementor-widget-container\">\n\t\t\t\t\t\t\t\t\t<h2>UAB EMET Group Privatumo Politika<\/h2>\n<b>Redaguota ir \u012fsigalioja nuo: 2025-09-29<\/b>\n\n<h2>\u012e\u017eanga<\/h2>\nUAB EMET Group svetain\u0117je, adresu www.mpmmechanical.eu, vienas i\u0161 m\u016bs\u0173 pagrindini\u0173 prioritet\u0173 yra lankytoj\u0173 privatumas. \u0160i privatumo politika apra\u0161o informacij\u0105, kuri\u0105 renka ir fiksuoja UAB EMET Group, kokius duomen\u0173 tipus renkame ir kaip juos naudojame. Jei turite papildom\u0173 klausim\u0173 arba norite daugiau informacijos apie m\u016bs\u0173 privatumo politik\u0105, galite susisiekti su mumis el. pa\u0161tu: info@emetgroup.lt arba telefonu: +370 616 18811. \u0160i privatumo politika taikoma tik m\u016bs\u0173 internetinei veiklai ir galioja svetain\u0117s lankytojams d\u0117l informacijos, kuria jie dalijasi ir\/ar kuri\u0105 renka UAB EMET Group. \u0160i politika netaikoma informacijai, surinktai ne internetu ar per kitus kanalus, nei \u0161i svetain\u0117.\n\n<h2>Sutikimas<\/h2>\nNaudodamiesi m\u016bs\u0173 svetaine, j\u016bs sutinkate su m\u016bs\u0173 privatumo politika ir jos s\u0105lygomis.\n\n<h2>Informacijos rinkimas<\/h2>\nAsmens informacija, kurios pra\u0161ome, ir prie\u017eastys, kod\u0117l jos pra\u0161ome, bus paai\u0161kintos tuo metu, kai pra\u0161ysime j\u016bs\u0173 pateikti duomenis. Jei susisieksite su mumis tiesiogiai, galime gauti papildomos informacijos apie jus, pvz., j\u016bs\u0173 vard\u0105, pavard\u0119, el. pa\u0161to adres\u0105, telefono numer\u012f, \u017einut\u0117s turin\u012f ir\/ar priedus, kuriuos atsi\u0173site, bei kit\u0105 informacij\u0105, kuri\u0105 pasirinksite pateikti. Registruojantis paskyrai galime pra\u0161yti j\u016bs\u0173 kontaktin\u0117s informacijos, pvz., vardas, pavard\u0117, \u012fmon\u0117s pavadinimas, adresas, el. pa\u0161tas ir telefono numeris.\n\n<h2>Kaip naudojame j\u016bs\u0173 informacij\u0105<\/h2>\nSurinkt\u0105 informacij\u0105 naudojame \u012fvairiais tikslais, \u012fskaitant:\n<ul>\n  <li>Svetain\u0117s teikimui, administravimui ir prie\u017ei\u016brai;<\/li>\n  <li>Svetain\u0117s tobulinimui, pritaikymui ir pl\u0117trai;<\/li>\n  <li>Suprasti ir analizuoti, kaip naudojat\u0117s m\u016bs\u0173 svetaine;<\/li>\n  <li>Nauj\u0173 produkt\u0173, paslaug\u0173, funkcij\u0173 ir galimybi\u0173 k\u016brimui;<\/li>\n  <li>Bendravimui su jumis tiesiogiai arba per partnerius, \u012fskaitant klient\u0173 aptarnavim\u0105, atnaujinimus ir kit\u0105 su svetaine susijusi\u0105 informacij\u0105, taip pat rinkodaros ir reklamos tikslais;<\/li>\n  <li>El. lai\u0161k\u0173 siuntimui;<\/li>\n  <li>Suk\u010diavimo atvejams aptikti ir u\u017ekirsti keli\u0105.<\/li>\n<\/ul>\n\n<h2>\u017durnal\u0173 (log) failai<\/h2>\nUAB EMET Group naudoja standartin\u0119 praktik\u0105 \u2013 \u017eurnal\u0173 failus. \u0160ie failai registruoja lankytojus, kai jie nar\u0161o svetain\u0117se. Tai daro visos hostingo paslaug\u0173 \u012fmon\u0117s ir tai yra hostingo paslaug\u0173 analiz\u0117s dalis. Informacija, surinkta \u017eurnaluose, gali apimti IP adresus, nar\u0161ykl\u0117s tip\u0105, interneto paslaug\u0173 tiek\u0117j\u0105 (ISP), dat\u0105 ir laiko \u017eym\u0105, nukreipian\u010dius\/i\u0161einan\u010dius puslapius, galb\u016bt paspaudim\u0173 skai\u010di\u0173. \u0160ie duomenys n\u0117ra susieti su jokia asmeni\u0161kai identifikuojama informacija. \u0160ios informacijos tikslas \u2013 analizuoti tendencijas, administruoti svetain\u0119, sekti naudotoj\u0173 jud\u0117jim\u0105 svetain\u0117je ir rinkti demografin\u0119 informacij\u0105.\n\n<h2>Tre\u010di\u0173j\u0173 \u0161ali\u0173 reklamos partneri\u0173 privatumo politika<\/h2>\n\u0160iame s\u0105ra\u0161e galite rasti kiekvieno UAB EMET Group reklamos partnerio privatumo politik\u0105. Tre\u010di\u0173j\u0173 \u0161ali\u0173 reklamos serveriai ar tinklai naudoja tokias technologijas kaip slapukai, \u201eJavaScript\u201c ar \u017einiatinklio \u0161vyturiai, kurie naudojami j\u0173 reklamose ir nuorodose, rodomose UAB EMET Group svetain\u0117je, siun\u010diamose tiesiogiai \u012f vartotoj\u0173 nar\u0161ykles. Tokiu atveju jie automati\u0161kai gauna j\u016bs\u0173 IP adres\u0105. \u0160ios technologijos naudojamos j\u0173 reklamos kampanij\u0173 efektyvumui \u012fvertinti ir\/ar reklamos turiniui, kur\u012f matote kitose lankomose svetain\u0117se, pritaikyti. Atkreipkite d\u0117mes\u012f, kad UAB EMET Group neturi prieigos prie \u0161i\u0173 tre\u010di\u0173j\u0173 \u0161ali\u0173 naudojam\u0173 slapuk\u0173 ir j\u0173 nekontroliuoja.\n\n<h2>Tre\u010di\u0173j\u0173 \u0161ali\u0173 privatumo politika<\/h2>\nUAB EMET Group privatumo politika netaikoma kitiems reklamuotojams ar svetain\u0117ms. Tod\u0117l rekomenduojame susipa\u017einti su atitinkam\u0173 tre\u010di\u0173j\u0173 \u0161ali\u0173 reklamos serveri\u0173 privatumo politikomis, kuriose gali b\u016bti pateikta detalesn\u0117 informacija ir instrukcijos, kaip atsisakyti tam tikr\u0173 parink\u010di\u0173. Slapukus galite i\u0161jungti savo nar\u0161ykl\u0117s nustatymuose. Daugiau informacijos apie slapuk\u0173 valdym\u0105 konkre\u010diose nar\u0161ykl\u0117se rasite oficialiose nar\u0161ykli\u0173 svetain\u0117se.\n\n<h2>CCPA privatumo teis\u0117s<\/h2>\nPagal CCPA, tarp kit\u0173 teisi\u0173, vartotojai turi teis\u0119:\n<ul>\n  <li>Papra\u0161yti, kad \u012fmon\u0117, renkanti vartotoj\u0173 asmens duomenis, atskleist\u0173 kategorijas ir konkre\u010dius asmens duomenis, kuriuos ji surinko.<\/li>\n  <li>Papra\u0161yti, kad \u012fmon\u0117 i\u0161trint\u0173 bet kokius vartotojo asmens duomenis, kuriuos ji yra surinkusi.<\/li>\n  <li>Papra\u0161yti, kad \u012fmon\u0117, parduodanti vartotojo asmens duomenis, j\u0173 neparduot\u0173.<\/li>\n<\/ul>\n\u012e j\u016bs\u0173 u\u017eklaus\u0105 turime atsakyti per vien\u0105 m\u0117nes\u012f. Jei norite pasinaudoti \u0161iomis teis\u0117mis, susisiekite su mumis.\n\n<h2>BDAR (GDPR) duomen\u0173 apsaugos teis\u0117s<\/h2>\nNorime u\u017etikrinti, kad \u017einotum\u0117te visas savo teises, susijusias su duomen\u0173 apsauga. Kiekvienas vartotojas turi \u0161ias teises:\n<ul>\n  <li>Teis\u0117 susipa\u017einti \u2013 turite teis\u0119 pra\u0161yti savo asmens duomen\u0173 kopij\u0173. U\u017e \u0161i\u0105 paslaug\u0105 galime imti nedidel\u012f mokest\u012f.<\/li>\n  <li>Teis\u0117 i\u0161taisyti \u2013 turite teis\u0119 pra\u0161yti, kad i\u0161taisytume bet koki\u0105 netiksli\u0105 informacij\u0105. Taip pat turite teis\u0119 pra\u0161yti, kad papildytume nepiln\u0105 informacij\u0105.<\/li>\n  <li>Teis\u0117 i\u0161trinti \u2013 tam tikromis s\u0105lygomis turite teis\u0119 pra\u0161yti, kad i\u0161trintume j\u016bs\u0173 asmens duomenis.<\/li>\n  <li>Teis\u0117 apriboti tvarkym\u0105 \u2013 tam tikromis s\u0105lygomis turite teis\u0119 pra\u0161yti, kad apribotume j\u016bs\u0173 asmens duomen\u0173 tvarkym\u0105.<\/li>\n  <li>Teis\u0117 nesutikti \u2013 tam tikromis s\u0105lygomis turite teis\u0119 nesutikti, kad tvarkytume j\u016bs\u0173 asmens duomenis.<\/li>\n  <li>Teis\u0117 \u012f duomen\u0173 perkeliamum\u0105 \u2013 turite teis\u0119 pra\u0161yti, kad j\u016bs\u0173 surinktus duomenis perduotume kitai organizacijai arba tiesiogiai jums, tam tikromis s\u0105lygomis.<\/li>\n<\/ul>\n\u012e j\u016bs\u0173 u\u017eklaus\u0105 turime atsakyti per vien\u0105 m\u0117nes\u012f. Jei norite pasinaudoti \u0161iomis teis\u0117mis, susisiekite su mumis.\n\n<h2>Informacija apie vaik\u0173 naudojim\u0105si svetaine<\/h2>\nDar vienas m\u016bs\u0173 prioritet\u0173 \u2013 u\u017etikrinti vaik\u0173 saugum\u0105 naudojantis internetu. Raginame t\u0117vus ir glob\u0117jus steb\u0117ti, dalyvauti ir\/ar pri\u017ei\u016br\u0117ti savo vaik\u0173 veikl\u0105 internete. UAB EMET Group s\u0105moningai nerenka jokios asmenin\u0117s informacijos i\u0161 vaik\u0173, jaunesni\u0173 nei 13 met\u0173. Jei manote, kad j\u016bs\u0173 vaikas pateik\u0117 toki\u0105 informacij\u0105 m\u016bs\u0173 svetain\u0117je, primygtinai raginame susisiekti su mumis nedelsiant, ir mes pasistengsime toki\u0105 informacij\u0105 kuo grei\u010diau pa\u0161alinti i\u0161 savo \u012fra\u0161\u0173.\n\n<h2>Kontaktin\u0117 informacija<\/h2>\nUAB EMET Group<br>\ninfo@emetgroup.lt<br>\n+370 616 18811<br>\nLietuva\n\t\t\t\t\t\t\t\t<\/div>\n\t\t\t\t<\/div>\n\t\t\t\t\t<\/div>\n\t\t\t\t<\/div>\n\t\t\t\t<\/div>\n\t\t","protected":false},"excerpt":{"rendered":"<p>Privatumo politika UAB EMET Group Privatumo Politika Redaguota ir \u012fsigalioja nuo: 2025-09-29 \u012e\u017eanga UAB EMET Group svetain\u0117je, adresu www.mpmmechanical.eu, vienas i\u0161 m\u016bs\u0173 pagrindini\u0173 prioritet\u0173 yra lankytoj\u0173 privatumas. \u0160i privatumo politika apra\u0161o informacij\u0105, kuri\u0105 renka ir fiksuoja UAB EMET Group, kokius duomen\u0173 tipus renkame ir kaip juos naudojame. Jei turite papildom\u0173 klausim\u0173 arba norite daugiau informacijos [&hellip;]<\/p>\n","protected":false},"author":1,"featured_media":0,"parent":0,"menu_order":0,"comment_status":"closed","ping_status":"closed","template":"","meta":{"_uag_custom_page_level_css":"","site-sidebar-layout":"no-sidebar","site-content-layout":"page-builder","ast-site-content-layout":"full-width-container","site-content-style":"default","site-sidebar-style":"default","ast-global-header-display":"","ast-banner-title-visibility":"","ast-main-header-display":"","ast-hfb-above-header-display":"","ast-hfb-below-header-display":"","ast-hfb-mobile-header-display":"","site-post-title":"disabled","ast-breadcrumbs-content":"","ast-featured-img":"disabled","footer-sml-layout":"","ast-disable-related-posts":"","theme-transparent-header-meta":"enabled","adv-header-id-meta":"","stick-header-meta":"","header-above-stick-meta":"","header-main-stick-meta":"","header-below-stick-meta":"","astra-migrate-meta-layouts":"default","ast-page-background-enabled":"default","ast-page-background-meta":{"desktop":{"background-color":"","background-image":"","background-repeat":"repeat","background-position":"center center","background-size":"auto","background-attachment":"scroll","background-type":"","background-media":"","overlay-type":"","overlay-color":"","overlay-opacity":"","overlay-gradient":""},"tablet":{"background-color":"","background-image":"","background-repeat":"repeat","background-position":"center center","background-size":"auto","background-attachment":"scroll","background-type":"","background-media":"","overlay-type":"","overlay-color":"","overlay-opacity":"","overlay-gradient":""},"mobile":{"background-color":"","background-image":"","background-repeat":"repeat","background-position":"center center","background-size":"auto","background-attachment":"scroll","background-type":"","background-media":"","overlay-type":"","overlay-color":"","overlay-opacity":"","overlay-gradient":""}},"ast-content-background-meta":{"desktop":{"background-color":"var(--ast-global-color-5)","background-image":"","background-repeat":"repeat","background-position":"center center","background-size":"auto","background-attachment":"scroll","background-type":"","background-media":"","overlay-type":"","overlay-color":"","overlay-opacity":"","overlay-gradient":""},"tablet":{"background-color":"var(--ast-global-color-5)","background-image":"","background-repeat":"repeat","background-position":"center center","background-size":"auto","background-attachment":"scroll","background-type":"","background-media":"","overlay-type":"","overlay-color":"","overlay-opacity":"","overlay-gradient":""},"mobile":{"background-color":"var(--ast-global-color-5)","background-image":"","background-repeat":"repeat","background-position":"center center","background-size":"auto","background-attachment":"scroll","background-type":"","background-media":"","overlay-type":"","overlay-color":"","overlay-opacity":"","overlay-gradient":""}},"footnotes":""},"class_list":["post-1814","page","type-page","status-publish","hentry"],"_hostinger_reach_plugin_has_subscription_block":false,"_hostinger_reach_plugin_is_elementor":false,"uagb_featured_image_src":{"full":false,"thumbnail":false,"medium":false,"medium_large":false,"large":false,"1536x1536":false,"2048x2048":false},"uagb_author_info":{"display_name":"emetgroup","author_link":"https:\/\/emetgroup.lt\/lt\/author\/infompmmechanical-eu\/"},"uagb_comment_info":0,"uagb_excerpt":"Privatumo politika UAB EMET Group Privatumo Politika Redaguota ir \u012fsigalioja nuo: 2025-09-29 \u012e\u017eanga UAB EMET Group svetain\u0117je, adresu www.mpmmechanical.eu, vienas i\u0161 m\u016bs\u0173 pagrindini\u0173 prioritet\u0173 yra lankytoj\u0173 privatumas. \u0160i privatumo politika apra\u0161o informacij\u0105, kuri\u0105 renka ir fiksuoja UAB EMET Group, kokius duomen\u0173 tipus renkame ir kaip juos naudojame. Jei turite papildom\u0173 klausim\u0173 arba norite daugiau informacijos&hellip;","_links":{"self":[{"href":"https:\/\/emetgroup.lt\/lt\/wp-json\/wp\/v2\/pages\/1814","targetHints":{"allow":["GET"]}}],"collection":[{"href":"https:\/\/emetgroup.lt\/lt\/wp-json\/wp\/v2\/pages"}],"about":[{"href":"https:\/\/emetgroup.lt\/lt\/wp-json\/wp\/v2\/types\/page"}],"author":[{"embeddable":true,"href":"https:\/\/emetgroup.lt\/lt\/wp-json\/wp\/v2\/users\/1"}],"replies":[{"embeddable":true,"href":"https:\/\/emetgroup.lt\/lt\/wp-json\/wp\/v2\/comments?post=1814"}],"version-history":[{"count":4,"href":"https:\/\/emetgroup.lt\/lt\/wp-json\/wp\/v2\/pages\/1814\/revisions"}],"predecessor-version":[{"id":1818,"href":"https:\/\/emetgroup.lt\/lt\/wp-json\/wp\/v2\/pages\/1814\/revisions\/1818"}],"wp:attachment":[{"href":"https:\/\/emetgroup.lt\/lt\/wp-json\/wp\/v2\/media?parent=1814"}],"curies":[{"name":"wp","href":"https:\/\/api.w.org\/{rel}","templated":true}]}}