{"id":1824,"date":"2024-04-17T23:45:17","date_gmt":"2024-04-17T23:45:17","guid":{"rendered":"https:\/\/emetgroup.lt\/klojiniu-sprendimai\/"},"modified":"2025-11-02T22:51:46","modified_gmt":"2025-11-02T22:51:46","slug":"klojiniu-sprendimai","status":"publish","type":"page","link":"https:\/\/emetgroup.lt\/lt\/klojiniu-sprendimai\/","title":{"rendered":"Klojini\u0173 sprendimai"},"content":{"rendered":"\t\t<div data-elementor-type=\"wp-page\" data-elementor-id=\"1824\" class=\"elementor elementor-1824 elementor-1236\" data-elementor-post-type=\"page\">\n\t\t\t\t<div class=\"elementor-element elementor-element-6af8d45e e-con-full e-flex e-con e-parent\" data-id=\"6af8d45e\" data-element_type=\"container\" data-e-type=\"container\" data-settings=\"{&quot;background_background&quot;:&quot;classic&quot;}\">\n\t\t<div class=\"elementor-element elementor-element-4d82e667 e-con-full e-flex e-con e-child\" data-id=\"4d82e667\" data-element_type=\"container\" data-e-type=\"container\">\n\t\t\t\t<div class=\"elementor-element elementor-element-73b33214 elementor-widget__width-inherit elementor-widget elementor-widget-heading\" data-id=\"73b33214\" data-element_type=\"widget\" data-e-type=\"widget\" data-widget_type=\"heading.default\">\n\t\t\t\t<div class=\"elementor-widget-container\">\n\t\t\t\t\t<h1 class=\"elementor-heading-title elementor-size-default\">Klojini\u0173 sprendimai<\/h1>\t\t\t\t<\/div>\n\t\t\t\t<\/div>\n\t\t\t\t<\/div>\n\t\t\t\t<\/div>\n\t\t\t\t<section class=\"elementor-section elementor-top-section elementor-element elementor-element-bbcpics elementor-section-content-middle elementor-reverse-mobile elementor-section-boxed elementor-section-height-default elementor-section-height-default\" data-id=\"bbcpics\" data-element_type=\"section\" data-e-type=\"section\" data-settings=\"{&quot;background_background&quot;:&quot;classic&quot;}\">\n\t\t\t\t\t\t\t<div class=\"elementor-background-overlay\"><\/div>\n\t\t\t\t\t\t\t<div class=\"elementor-container elementor-column-gap-no\">\n\t\t\t\t\t<div class=\"elementor-column elementor-col-50 elementor-top-column elementor-element elementor-element-0c36485\" data-id=\"0c36485\" data-element_type=\"column\" data-e-type=\"column\">\n\t\t\t<div class=\"elementor-widget-wrap elementor-element-populated\">\n\t\t\t\t\t\t<div class=\"elementor-element elementor-element-de68298 elementor-widget elementor-widget-text-editor\" data-id=\"de68298\" data-element_type=\"widget\" data-e-type=\"widget\" data-widget_type=\"text-editor.default\">\n\t\t\t\t<div class=\"elementor-widget-container\">\n\t\t\t\t\t\t\t\t\t<p>UAB EMET Group si\u016blo profesionalius klojini\u0173 sprendimus, pritaikytus kiekvieno statybos projekto poreikiams. Nesvarbu, ar tai b\u016bt\u0173 sieniniai, kolon\u0173, perdang\u0173, universal\u016bs ar visi\u0161kai individualizuoti klojiniai \u2013 m\u016bs\u0173 specialistai turi patirties ir technini\u0173 \u017eini\u0173, leid\u017eian\u010di\u0173 u\u017etikrinti saugius, efektyvius ir tikslius rezultatus.<\/p><p>Teikiame visapusi\u0161kas paslaugas \u2013 nuo klojini\u0173 sistem\u0173 planavimo ir surinkimo iki j\u0173 prie\u017ei\u016bros ir i\u0161ardymo. Derindama modernias technologijas su praktine patirtimi, UAB EMET Group u\u017etikrina patvarias ir patikimas konstrukcijas, kurios padeda skland\u017eiai vykdyti darbus kiekviename statybos etape. Lankstus m\u016bs\u0173 po\u017ei\u016bris leid\u017eia prisitaikyti prie sud\u0117ting\u0173 ir unikali\u0173 projekt\u0173 reikalavim\u0173, visuomet i\u0161laikant auk\u0161tus kokyb\u0117s ir saugos standartus.<\/p>\t\t\t\t\t\t\t\t<\/div>\n\t\t\t\t<\/div>\n\t\t\t\t\t<\/div>\n\t\t<\/div>\n\t\t\t\t<div class=\"elementor-column elementor-col-50 elementor-top-column elementor-element elementor-element-26fcf8e\" data-id=\"26fcf8e\" data-element_type=\"column\" data-e-type=\"column\">\n\t\t\t<div class=\"elementor-widget-wrap elementor-element-populated\">\n\t\t\t\t\t\t<div class=\"elementor-element elementor-element-ff4cfca elementor-widget elementor-widget-image\" data-id=\"ff4cfca\" data-element_type=\"widget\" data-e-type=\"widget\" data-widget_type=\"image.default\">\n\t\t\t\t<div class=\"elementor-widget-container\">\n\t\t\t\t\t\t\t\t\t\t\t\t\t\t\t<img fetchpriority=\"high\" decoding=\"async\" width=\"1024\" height=\"683\" src=\"https:\/\/emetgroup.lt\/wp-content\/uploads\/2025\/09\/building-new-concrete-house-1024x683.jpg\" class=\"attachment-large size-large wp-image-1812\" alt=\"\" srcset=\"https:\/\/emetgroup.lt\/wp-content\/uploads\/2025\/09\/building-new-concrete-house-1024x683.jpg 1024w, https:\/\/emetgroup.lt\/wp-content\/uploads\/2025\/09\/building-new-concrete-house-300x200.jpg 300w, https:\/\/emetgroup.lt\/wp-content\/uploads\/2025\/09\/building-new-concrete-house-768x512.jpg 768w, https:\/\/emetgroup.lt\/wp-content\/uploads\/2025\/09\/building-new-concrete-house-1536x1024.jpg 1536w, https:\/\/emetgroup.lt\/wp-content\/uploads\/2025\/09\/building-new-concrete-house-2048x1365.jpg 2048w\" sizes=\"(max-width: 1024px) 100vw, 1024px\" \/>\t\t\t\t\t\t\t\t\t\t\t\t\t\t\t<\/div>\n\t\t\t\t<\/div>\n\t\t\t\t\t<\/div>\n\t\t<\/div>\n\t\t\t\t\t<\/div>\n\t\t<\/section>\n\t\t<div class=\"elementor-element elementor-element-687bdb8 e-flex e-con-boxed e-con e-parent\" data-id=\"687bdb8\" data-element_type=\"container\" data-e-type=\"container\" data-settings=\"{&quot;background_background&quot;:&quot;classic&quot;}\">\n\t\t\t\t\t<div class=\"e-con-inner\">\n\t\t\t\t\t<\/div>\n\t\t\t\t<\/div>\n\t\t\t\t<\/div>\n\t\t","protected":false},"excerpt":{"rendered":"<p>Klojini\u0173 sprendimai UAB EMET Group si\u016blo profesionalius klojini\u0173 sprendimus, pritaikytus kiekvieno statybos projekto poreikiams. Nesvarbu, ar tai b\u016bt\u0173 sieniniai, kolon\u0173, perdang\u0173, universal\u016bs ar visi\u0161kai individualizuoti klojiniai \u2013 m\u016bs\u0173 specialistai turi patirties ir technini\u0173 \u017eini\u0173, leid\u017eian\u010di\u0173 u\u017etikrinti saugius, efektyvius ir tikslius rezultatus. Teikiame visapusi\u0161kas paslaugas \u2013 nuo klojini\u0173 sistem\u0173 planavimo ir surinkimo iki j\u0173 prie\u017ei\u016bros ir [&hellip;]<\/p>\n","protected":false},"author":1,"featured_media":0,"parent":0,"menu_order":0,"comment_status":"closed","ping_status":"closed","template":"","meta":{"_uag_custom_page_level_css":"","site-sidebar-layout":"no-sidebar","site-content-layout":"page-builder","ast-site-content-layout":"full-width-container","site-content-style":"default","site-sidebar-style":"default","ast-global-header-display":"","ast-banner-title-visibility":"","ast-main-header-display":"","ast-hfb-above-header-display":"","ast-hfb-below-header-display":"","ast-hfb-mobile-header-display":"","site-post-title":"disabled","ast-breadcrumbs-content":"","ast-featured-img":"disabled","footer-sml-layout":"","ast-disable-related-posts":"","theme-transparent-header-meta":"enabled","adv-header-id-meta":"","stick-header-meta":"","header-above-stick-meta":"","header-main-stick-meta":"","header-below-stick-meta":"","astra-migrate-meta-layouts":"default","ast-page-background-enabled":"default","ast-page-background-meta":{"desktop":{"background-color":"","background-image":"","background-repeat":"repeat","background-position":"center center","background-size":"auto","background-attachment":"scroll","background-type":"","background-media":"","overlay-type":"","overlay-color":"","overlay-opacity":"","overlay-gradient":""},"tablet":{"background-color":"","background-image":"","background-repeat":"repeat","background-position":"center center","background-size":"auto","background-attachment":"scroll","background-type":"","background-media":"","overlay-type":"","overlay-color":"","overlay-opacity":"","overlay-gradient":""},"mobile":{"background-color":"","background-image":"","background-repeat":"repeat","background-position":"center center","background-size":"auto","background-attachment":"scroll","background-type":"","background-media":"","overlay-type":"","overlay-color":"","overlay-opacity":"","overlay-gradient":""}},"ast-content-background-meta":{"desktop":{"background-color":"var(--ast-global-color-5)","background-image":"","background-repeat":"repeat","background-position":"center center","background-size":"auto","background-attachment":"scroll","background-type":"","background-media":"","overlay-type":"","overlay-color":"","overlay-opacity":"","overlay-gradient":""},"tablet":{"background-color":"var(--ast-global-color-5)","background-image":"","background-repeat":"repeat","background-position":"center center","background-size":"auto","background-attachment":"scroll","background-type":"","background-media":"","overlay-type":"","overlay-color":"","overlay-opacity":"","overlay-gradient":""},"mobile":{"background-color":"var(--ast-global-color-5)","background-image":"","background-repeat":"repeat","background-position":"center center","background-size":"auto","background-attachment":"scroll","background-type":"","background-media":"","overlay-type":"","overlay-color":"","overlay-opacity":"","overlay-gradient":""}},"footnotes":""},"class_list":["post-1824","page","type-page","status-publish","hentry"],"_hostinger_reach_plugin_has_subscription_block":false,"_hostinger_reach_plugin_is_elementor":false,"uagb_featured_image_src":{"full":false,"thumbnail":false,"medium":false,"medium_large":false,"large":false,"1536x1536":false,"2048x2048":false},"uagb_author_info":{"display_name":"emetgroup","author_link":"https:\/\/emetgroup.lt\/lt\/author\/infompmmechanical-eu\/"},"uagb_comment_info":0,"uagb_excerpt":"Klojini\u0173 sprendimai UAB EMET Group si\u016blo profesionalius klojini\u0173 sprendimus, pritaikytus kiekvieno statybos projekto poreikiams. Nesvarbu, ar tai b\u016bt\u0173 sieniniai, kolon\u0173, perdang\u0173, universal\u016bs ar visi\u0161kai individualizuoti klojiniai \u2013 m\u016bs\u0173 specialistai turi patirties ir technini\u0173 \u017eini\u0173, leid\u017eian\u010di\u0173 u\u017etikrinti saugius, efektyvius ir tikslius rezultatus. Teikiame visapusi\u0161kas paslaugas \u2013 nuo klojini\u0173 sistem\u0173 planavimo ir surinkimo iki j\u0173 prie\u017ei\u016bros ir&hellip;","_links":{"self":[{"href":"https:\/\/emetgroup.lt\/lt\/wp-json\/wp\/v2\/pages\/1824","targetHints":{"allow":["GET"]}}],"collection":[{"href":"https:\/\/emetgroup.lt\/lt\/wp-json\/wp\/v2\/pages"}],"about":[{"href":"https:\/\/emetgroup.lt\/lt\/wp-json\/wp\/v2\/types\/page"}],"author":[{"embeddable":true,"href":"https:\/\/emetgroup.lt\/lt\/wp-json\/wp\/v2\/users\/1"}],"replies":[{"embeddable":true,"href":"https:\/\/emetgroup.lt\/lt\/wp-json\/wp\/v2\/comments?post=1824"}],"version-history":[{"count":2,"href":"https:\/\/emetgroup.lt\/lt\/wp-json\/wp\/v2\/pages\/1824\/revisions"}],"predecessor-version":[{"id":1975,"href":"https:\/\/emetgroup.lt\/lt\/wp-json\/wp\/v2\/pages\/1824\/revisions\/1975"}],"wp:attachment":[{"href":"https:\/\/emetgroup.lt\/lt\/wp-json\/wp\/v2\/media?parent=1824"}],"curies":[{"name":"wp","href":"https:\/\/api.w.org\/{rel}","templated":true}]}}