{"id":1826,"date":"2024-04-16T23:27:41","date_gmt":"2024-04-16T23:27:41","guid":{"rendered":"https:\/\/emetgroup.lt\/pastoliai\/"},"modified":"2025-11-02T22:52:34","modified_gmt":"2025-11-02T22:52:34","slug":"pastoliai","status":"publish","type":"page","link":"https:\/\/emetgroup.lt\/lt\/pastoliai\/","title":{"rendered":"Pastoli\u0173 montavimas"},"content":{"rendered":"\t\t<div data-elementor-type=\"wp-page\" data-elementor-id=\"1826\" class=\"elementor elementor-1826 elementor-1126\" data-elementor-post-type=\"page\">\n\t\t\t\t<div class=\"elementor-element elementor-element-6af8d45e e-con-full e-flex e-con e-parent\" data-id=\"6af8d45e\" data-element_type=\"container\" data-e-type=\"container\" data-settings=\"{&quot;background_background&quot;:&quot;classic&quot;}\">\n\t\t<div class=\"elementor-element elementor-element-4d82e667 e-con-full e-flex e-con e-child\" data-id=\"4d82e667\" data-element_type=\"container\" data-e-type=\"container\">\n\t\t\t\t<div class=\"elementor-element elementor-element-73b33214 elementor-widget__width-inherit elementor-widget elementor-widget-heading\" data-id=\"73b33214\" data-element_type=\"widget\" data-e-type=\"widget\" data-widget_type=\"heading.default\">\n\t\t\t\t<div class=\"elementor-widget-container\">\n\t\t\t\t\t<h1 class=\"elementor-heading-title elementor-size-default\">Pastoli\u0173 montavimas<\/h1>\t\t\t\t<\/div>\n\t\t\t\t<\/div>\n\t\t\t\t<\/div>\n\t\t\t\t<\/div>\n\t\t\t\t<section class=\"elementor-section elementor-top-section elementor-element elementor-element-bbcpics elementor-section-content-middle elementor-reverse-mobile elementor-section-boxed elementor-section-height-default elementor-section-height-default\" data-id=\"bbcpics\" data-element_type=\"section\" data-e-type=\"section\" data-settings=\"{&quot;background_background&quot;:&quot;classic&quot;}\">\n\t\t\t\t\t\t\t<div class=\"elementor-background-overlay\"><\/div>\n\t\t\t\t\t\t\t<div class=\"elementor-container elementor-column-gap-no\">\n\t\t\t\t\t<div class=\"elementor-column elementor-col-50 elementor-top-column elementor-element elementor-element-0c36485\" data-id=\"0c36485\" data-element_type=\"column\" data-e-type=\"column\">\n\t\t\t<div class=\"elementor-widget-wrap elementor-element-populated\">\n\t\t\t\t\t\t<div class=\"elementor-element elementor-element-de68298 elementor-widget elementor-widget-text-editor\" data-id=\"de68298\" data-element_type=\"widget\" data-e-type=\"widget\" data-widget_type=\"text-editor.default\">\n\t\t\t\t<div class=\"elementor-widget-container\">\n\t\t\t\t\t\t\t\t\t<p>M\u016bs\u0173 specialistai montuoja pastoli\u0173 sistemas, darbo platformas, riedan\u010dius bok\u0161tus ir apsauginius tinklus tiek statybviet\u0117se, tiek eksploatuojamuose objektuose. Teikiame visas paslaugas, \u012fskaitant montavim\u0105, technin\u0119 prie\u017ei\u016br\u0105 vietoje ir i\u0161montavim\u0105, dirbame su vis\u0173 tip\u0173 pramoniniais ir fasadiniais pastoliais. Esant pageidavimui, taip pat teikiame pritaikytus sprendimus, pavyzd\u017eiui, laikinus takus, nuo oro s\u0105lyg\u0173 apsaugan\u010dias palapines arba pastoli\u0173 u\u017edengim\u0105 termoizoliacine pl\u0117vele, kad u\u017etikrintume saugias ir efektyvias darbo s\u0105lygas bet kokioje aplinkoje.<\/p><p>Visi m\u016bs\u0173 pastoli\u0173 specialistai yra profesionaliai apmokyti ir turi reikiamus sertifikatus bei licencijas, leid\u017eian\u010dias atlikti darbus visose ES \u0161alyse. Laikydamiesi auk\u0161\u010diausi\u0173 saugos standart\u0173 ir pasitelkdami savo ilgamet\u0119 patirt\u012f, garantuojame patikim\u0105, kokybi\u0161k\u0105 ir savalaik\u012f bet kokio masto projekt\u0173 &#8211; nuo nedideli\u0173 renovacij\u0173 iki sud\u0117ting\u0173 pramonini\u0173 statyb\u0173 &#8211; \u012fgyvendinim\u0105.<\/p>\t\t\t\t\t\t\t\t<\/div>\n\t\t\t\t<\/div>\n\t\t\t\t\t<\/div>\n\t\t<\/div>\n\t\t\t\t<div class=\"elementor-column elementor-col-50 elementor-top-column elementor-element elementor-element-26fcf8e\" data-id=\"26fcf8e\" data-element_type=\"column\" data-e-type=\"column\">\n\t\t\t<div class=\"elementor-widget-wrap elementor-element-populated\">\n\t\t\t\t\t\t<div class=\"elementor-element elementor-element-ff4cfca elementor-widget elementor-widget-image\" data-id=\"ff4cfca\" data-element_type=\"widget\" data-e-type=\"widget\" data-widget_type=\"image.default\">\n\t\t\t\t<div class=\"elementor-widget-container\">\n\t\t\t\t\t\t\t\t\t\t\t\t\t\t\t<img fetchpriority=\"high\" decoding=\"async\" width=\"683\" height=\"1024\" src=\"https:\/\/emetgroup.lt\/wp-content\/uploads\/2025\/11\/scaffolding-1-683x1024.jpg\" class=\"attachment-large size-large wp-image-1973\" alt=\"\" srcset=\"https:\/\/emetgroup.lt\/wp-content\/uploads\/2025\/11\/scaffolding-1-683x1024.jpg 683w, https:\/\/emetgroup.lt\/wp-content\/uploads\/2025\/11\/scaffolding-1-200x300.jpg 200w, https:\/\/emetgroup.lt\/wp-content\/uploads\/2025\/11\/scaffolding-1-768x1152.jpg 768w, https:\/\/emetgroup.lt\/wp-content\/uploads\/2025\/11\/scaffolding-1-1024x1536.jpg 1024w, https:\/\/emetgroup.lt\/wp-content\/uploads\/2025\/11\/scaffolding-1-1365x2048.jpg 1365w, https:\/\/emetgroup.lt\/wp-content\/uploads\/2025\/11\/scaffolding-1.jpg 1679w\" sizes=\"(max-width: 683px) 100vw, 683px\" \/>\t\t\t\t\t\t\t\t\t\t\t\t\t\t\t<\/div>\n\t\t\t\t<\/div>\n\t\t\t\t\t<\/div>\n\t\t<\/div>\n\t\t\t\t\t<\/div>\n\t\t<\/section>\n\t\t<div class=\"elementor-element elementor-element-687bdb8 e-flex e-con-boxed e-con e-parent\" data-id=\"687bdb8\" data-element_type=\"container\" data-e-type=\"container\" data-settings=\"{&quot;background_background&quot;:&quot;classic&quot;}\">\n\t\t\t\t\t<div class=\"e-con-inner\">\n\t\t\t\t\t<\/div>\n\t\t\t\t<\/div>\n\t\t\t\t<\/div>\n\t\t","protected":false},"excerpt":{"rendered":"<p>Pastoli\u0173 montavimas M\u016bs\u0173 specialistai montuoja pastoli\u0173 sistemas, darbo platformas, riedan\u010dius bok\u0161tus ir apsauginius tinklus tiek statybviet\u0117se, tiek eksploatuojamuose objektuose. Teikiame visas paslaugas, \u012fskaitant montavim\u0105, technin\u0119 prie\u017ei\u016br\u0105 vietoje ir i\u0161montavim\u0105, dirbame su vis\u0173 tip\u0173 pramoniniais ir fasadiniais pastoliais. Esant pageidavimui, taip pat teikiame pritaikytus sprendimus, pavyzd\u017eiui, laikinus takus, nuo oro s\u0105lyg\u0173 apsaugan\u010dias palapines arba pastoli\u0173 u\u017edengim\u0105 [&hellip;]<\/p>\n","protected":false},"author":1,"featured_media":0,"parent":0,"menu_order":0,"comment_status":"closed","ping_status":"closed","template":"","meta":{"_uag_custom_page_level_css":"","site-sidebar-layout":"no-sidebar","site-content-layout":"page-builder","ast-site-content-layout":"full-width-container","site-content-style":"default","site-sidebar-style":"default","ast-global-header-display":"","ast-banner-title-visibility":"","ast-main-header-display":"","ast-hfb-above-header-display":"","ast-hfb-below-header-display":"","ast-hfb-mobile-header-display":"","site-post-title":"disabled","ast-breadcrumbs-content":"","ast-featured-img":"disabled","footer-sml-layout":"","ast-disable-related-posts":"","theme-transparent-header-meta":"enabled","adv-header-id-meta":"","stick-header-meta":"","header-above-stick-meta":"","header-main-stick-meta":"","header-below-stick-meta":"","astra-migrate-meta-layouts":"default","ast-page-background-enabled":"default","ast-page-background-meta":{"desktop":{"background-color":"","background-image":"","background-repeat":"repeat","background-position":"center center","background-size":"auto","background-attachment":"scroll","background-type":"","background-media":"","overlay-type":"","overlay-color":"","overlay-opacity":"","overlay-gradient":""},"tablet":{"background-color":"","background-image":"","background-repeat":"repeat","background-position":"center center","background-size":"auto","background-attachment":"scroll","background-type":"","background-media":"","overlay-type":"","overlay-color":"","overlay-opacity":"","overlay-gradient":""},"mobile":{"background-color":"","background-image":"","background-repeat":"repeat","background-position":"center center","background-size":"auto","background-attachment":"scroll","background-type":"","background-media":"","overlay-type":"","overlay-color":"","overlay-opacity":"","overlay-gradient":""}},"ast-content-background-meta":{"desktop":{"background-color":"var(--ast-global-color-5)","background-image":"","background-repeat":"repeat","background-position":"center center","background-size":"auto","background-attachment":"scroll","background-type":"","background-media":"","overlay-type":"","overlay-color":"","overlay-opacity":"","overlay-gradient":""},"tablet":{"background-color":"var(--ast-global-color-5)","background-image":"","background-repeat":"repeat","background-position":"center center","background-size":"auto","background-attachment":"scroll","background-type":"","background-media":"","overlay-type":"","overlay-color":"","overlay-opacity":"","overlay-gradient":""},"mobile":{"background-color":"var(--ast-global-color-5)","background-image":"","background-repeat":"repeat","background-position":"center center","background-size":"auto","background-attachment":"scroll","background-type":"","background-media":"","overlay-type":"","overlay-color":"","overlay-opacity":"","overlay-gradient":""}},"footnotes":""},"class_list":["post-1826","page","type-page","status-publish","hentry"],"_hostinger_reach_plugin_has_subscription_block":false,"_hostinger_reach_plugin_is_elementor":false,"uagb_featured_image_src":{"full":false,"thumbnail":false,"medium":false,"medium_large":false,"large":false,"1536x1536":false,"2048x2048":false},"uagb_author_info":{"display_name":"emetgroup","author_link":"https:\/\/emetgroup.lt\/lt\/author\/infompmmechanical-eu\/"},"uagb_comment_info":0,"uagb_excerpt":"Pastoli\u0173 montavimas M\u016bs\u0173 specialistai montuoja pastoli\u0173 sistemas, darbo platformas, riedan\u010dius bok\u0161tus ir apsauginius tinklus tiek statybviet\u0117se, tiek eksploatuojamuose objektuose. Teikiame visas paslaugas, \u012fskaitant montavim\u0105, technin\u0119 prie\u017ei\u016br\u0105 vietoje ir i\u0161montavim\u0105, dirbame su vis\u0173 tip\u0173 pramoniniais ir fasadiniais pastoliais. Esant pageidavimui, taip pat teikiame pritaikytus sprendimus, pavyzd\u017eiui, laikinus takus, nuo oro s\u0105lyg\u0173 apsaugan\u010dias palapines arba pastoli\u0173 u\u017edengim\u0105&hellip;","_links":{"self":[{"href":"https:\/\/emetgroup.lt\/lt\/wp-json\/wp\/v2\/pages\/1826","targetHints":{"allow":["GET"]}}],"collection":[{"href":"https:\/\/emetgroup.lt\/lt\/wp-json\/wp\/v2\/pages"}],"about":[{"href":"https:\/\/emetgroup.lt\/lt\/wp-json\/wp\/v2\/types\/page"}],"author":[{"embeddable":true,"href":"https:\/\/emetgroup.lt\/lt\/wp-json\/wp\/v2\/users\/1"}],"replies":[{"embeddable":true,"href":"https:\/\/emetgroup.lt\/lt\/wp-json\/wp\/v2\/comments?post=1826"}],"version-history":[{"count":3,"href":"https:\/\/emetgroup.lt\/lt\/wp-json\/wp\/v2\/pages\/1826\/revisions"}],"predecessor-version":[{"id":1976,"href":"https:\/\/emetgroup.lt\/lt\/wp-json\/wp\/v2\/pages\/1826\/revisions\/1976"}],"wp:attachment":[{"href":"https:\/\/emetgroup.lt\/lt\/wp-json\/wp\/v2\/media?parent=1826"}],"curies":[{"name":"wp","href":"https:\/\/api.w.org\/{rel}","templated":true}]}}