{"id":1833,"date":"2024-04-17T23:45:23","date_gmt":"2024-04-17T23:45:23","guid":{"rendered":"https:\/\/emetgroup.lt\/plienines-konstrukcijos-ir-vamzdziu-montavimas\/"},"modified":"2025-11-02T22:54:10","modified_gmt":"2025-11-02T22:54:10","slug":"plienines-konstrukcijos-ir-vamzdziu-montavimas","status":"publish","type":"page","link":"https:\/\/emetgroup.lt\/lt\/plienines-konstrukcijos-ir-vamzdziu-montavimas\/","title":{"rendered":"Plienin\u0117s konstrukcijos ir vamzd\u017ei\u0173 montavimas"},"content":{"rendered":"\t\t<div data-elementor-type=\"wp-page\" data-elementor-id=\"1833\" class=\"elementor elementor-1833 elementor-1237\" data-elementor-post-type=\"page\">\n\t\t\t\t<div class=\"elementor-element elementor-element-6af8d45e e-con-full e-flex e-con e-parent\" data-id=\"6af8d45e\" data-element_type=\"container\" data-e-type=\"container\" data-settings=\"{&quot;background_background&quot;:&quot;classic&quot;}\">\n\t\t<div class=\"elementor-element elementor-element-4d82e667 e-con-full e-flex e-con e-child\" data-id=\"4d82e667\" data-element_type=\"container\" data-e-type=\"container\">\n\t\t\t\t<div class=\"elementor-element elementor-element-73b33214 elementor-widget elementor-widget-heading\" data-id=\"73b33214\" data-element_type=\"widget\" data-e-type=\"widget\" data-widget_type=\"heading.default\">\n\t\t\t\t<div class=\"elementor-widget-container\">\n\t\t\t\t\t<h1 class=\"elementor-heading-title elementor-size-default\">Plienin\u0117s konstrukcijos ir vamzd\u017ei\u0173 montavimas<\/h1>\t\t\t\t<\/div>\n\t\t\t\t<\/div>\n\t\t\t\t<\/div>\n\t\t\t\t<\/div>\n\t\t\t\t<section class=\"elementor-section elementor-top-section elementor-element elementor-element-bbcpics elementor-section-content-middle elementor-reverse-mobile elementor-section-boxed elementor-section-height-default elementor-section-height-default\" data-id=\"bbcpics\" data-element_type=\"section\" data-e-type=\"section\" data-settings=\"{&quot;background_background&quot;:&quot;classic&quot;}\">\n\t\t\t\t\t\t\t<div class=\"elementor-background-overlay\"><\/div>\n\t\t\t\t\t\t\t<div class=\"elementor-container elementor-column-gap-no\">\n\t\t\t\t\t<div class=\"elementor-column elementor-col-50 elementor-top-column elementor-element elementor-element-0c36485\" data-id=\"0c36485\" data-element_type=\"column\" data-e-type=\"column\">\n\t\t\t<div class=\"elementor-widget-wrap elementor-element-populated\">\n\t\t\t\t\t\t<div class=\"elementor-element elementor-element-de68298 elementor-widget elementor-widget-text-editor\" data-id=\"de68298\" data-element_type=\"widget\" data-e-type=\"widget\" data-widget_type=\"text-editor.default\">\n\t\t\t\t<div class=\"elementor-widget-container\">\n\t\t\t\t\t\t\t\t\t<p>&#8222;UAB EMET Group&#8221; teikia \u012fvairias plieno konstrukcij\u0173 ir vamzd\u017ei\u0173 montavimo paslaugas pramoniniams, civiliniams ir infrastrukt\u016bros projektams. M\u016bs\u0173 specialistai dirba visuose statybos proceso etapuose &#8211; nuo surinkimo ir montavimo iki montavimo statybviet\u0117je. Teikiame patikimus ir efektyvius sprendimus, atitinkan\u010dius tarptautinius kokyb\u0117s ir saugos standartus, u\u017etikrinan\u010dius skland\u017ei\u0105 bet kokio masto ir sud\u0117tingumo projekt\u0173 eig\u0105.<\/p><p>Taip pat turime daug patirties rengiant ir montuojant \u012fvairaus skersmens ir med\u017eiag\u0173 vamzdynus, \u012fskaitant plieninius, ner\u016bdijan\u010dio plieno, varinius ir PVC. &#8222;UAB EMET Group&#8221; daug d\u0117mesio skiria tikslumui, saugumui ir savalaikiam pristatymui, tod\u0117l garantuoja ilgaam\u017ees vamzdyn\u0173 sistemas ir plienines konstrukcijas, atitinkan\u010dias konkre\u010dius kiekvieno kliento poreikius.<\/p>\t\t\t\t\t\t\t\t<\/div>\n\t\t\t\t<\/div>\n\t\t\t\t\t<\/div>\n\t\t<\/div>\n\t\t\t\t<div class=\"elementor-column elementor-col-50 elementor-top-column elementor-element elementor-element-26fcf8e\" data-id=\"26fcf8e\" data-element_type=\"column\" data-e-type=\"column\">\n\t\t\t<div class=\"elementor-widget-wrap elementor-element-populated\">\n\t\t\t\t\t\t<div class=\"elementor-element elementor-element-ff4cfca elementor-widget elementor-widget-image\" data-id=\"ff4cfca\" data-element_type=\"widget\" data-e-type=\"widget\" data-widget_type=\"image.default\">\n\t\t\t\t<div class=\"elementor-widget-container\">\n\t\t\t\t\t\t\t\t\t\t\t\t\t\t\t<img fetchpriority=\"high\" decoding=\"async\" width=\"1000\" height=\"600\" src=\"https:\/\/emetgroup.lt\/wp-content\/uploads\/2025\/11\/Steel-construction-1.jpg\" class=\"attachment-large size-large wp-image-1972\" alt=\"\" srcset=\"https:\/\/emetgroup.lt\/wp-content\/uploads\/2025\/11\/Steel-construction-1.jpg 1000w, https:\/\/emetgroup.lt\/wp-content\/uploads\/2025\/11\/Steel-construction-1-300x180.jpg 300w, https:\/\/emetgroup.lt\/wp-content\/uploads\/2025\/11\/Steel-construction-1-768x461.jpg 768w\" sizes=\"(max-width: 1000px) 100vw, 1000px\" \/>\t\t\t\t\t\t\t\t\t\t\t\t\t\t\t<\/div>\n\t\t\t\t<\/div>\n\t\t\t\t\t<\/div>\n\t\t<\/div>\n\t\t\t\t\t<\/div>\n\t\t<\/section>\n\t\t<div class=\"elementor-element elementor-element-687bdb8 e-flex e-con-boxed e-con e-parent\" data-id=\"687bdb8\" data-element_type=\"container\" data-e-type=\"container\" data-settings=\"{&quot;background_background&quot;:&quot;classic&quot;}\">\n\t\t\t\t\t<div class=\"e-con-inner\">\n\t\t\t\t\t<\/div>\n\t\t\t\t<\/div>\n\t\t\t\t<\/div>\n\t\t","protected":false},"excerpt":{"rendered":"<p>Plienin\u0117s konstrukcijos ir vamzd\u017ei\u0173 montavimas &#8222;UAB EMET Group&#8221; teikia \u012fvairias plieno konstrukcij\u0173 ir vamzd\u017ei\u0173 montavimo paslaugas pramoniniams, civiliniams ir infrastrukt\u016bros projektams. M\u016bs\u0173 specialistai dirba visuose statybos proceso etapuose &#8211; nuo surinkimo ir montavimo iki montavimo statybviet\u0117je. Teikiame patikimus ir efektyvius sprendimus, atitinkan\u010dius tarptautinius kokyb\u0117s ir saugos standartus, u\u017etikrinan\u010dius skland\u017ei\u0105 bet kokio masto ir sud\u0117tingumo projekt\u0173 [&hellip;]<\/p>\n","protected":false},"author":1,"featured_media":0,"parent":0,"menu_order":0,"comment_status":"closed","ping_status":"closed","template":"","meta":{"_uag_custom_page_level_css":"","site-sidebar-layout":"no-sidebar","site-content-layout":"page-builder","ast-site-content-layout":"full-width-container","site-content-style":"default","site-sidebar-style":"default","ast-global-header-display":"","ast-banner-title-visibility":"","ast-main-header-display":"","ast-hfb-above-header-display":"","ast-hfb-below-header-display":"","ast-hfb-mobile-header-display":"","site-post-title":"disabled","ast-breadcrumbs-content":"","ast-featured-img":"disabled","footer-sml-layout":"","ast-disable-related-posts":"","theme-transparent-header-meta":"enabled","adv-header-id-meta":"","stick-header-meta":"","header-above-stick-meta":"","header-main-stick-meta":"","header-below-stick-meta":"","astra-migrate-meta-layouts":"default","ast-page-background-enabled":"default","ast-page-background-meta":{"desktop":{"background-color":"","background-image":"","background-repeat":"repeat","background-position":"center center","background-size":"auto","background-attachment":"scroll","background-type":"","background-media":"","overlay-type":"","overlay-color":"","overlay-opacity":"","overlay-gradient":""},"tablet":{"background-color":"","background-image":"","background-repeat":"repeat","background-position":"center center","background-size":"auto","background-attachment":"scroll","background-type":"","background-media":"","overlay-type":"","overlay-color":"","overlay-opacity":"","overlay-gradient":""},"mobile":{"background-color":"","background-image":"","background-repeat":"repeat","background-position":"center center","background-size":"auto","background-attachment":"scroll","background-type":"","background-media":"","overlay-type":"","overlay-color":"","overlay-opacity":"","overlay-gradient":""}},"ast-content-background-meta":{"desktop":{"background-color":"var(--ast-global-color-5)","background-image":"","background-repeat":"repeat","background-position":"center center","background-size":"auto","background-attachment":"scroll","background-type":"","background-media":"","overlay-type":"","overlay-color":"","overlay-opacity":"","overlay-gradient":""},"tablet":{"background-color":"var(--ast-global-color-5)","background-image":"","background-repeat":"repeat","background-position":"center center","background-size":"auto","background-attachment":"scroll","background-type":"","background-media":"","overlay-type":"","overlay-color":"","overlay-opacity":"","overlay-gradient":""},"mobile":{"background-color":"var(--ast-global-color-5)","background-image":"","background-repeat":"repeat","background-position":"center center","background-size":"auto","background-attachment":"scroll","background-type":"","background-media":"","overlay-type":"","overlay-color":"","overlay-opacity":"","overlay-gradient":""}},"footnotes":""},"class_list":["post-1833","page","type-page","status-publish","hentry"],"_hostinger_reach_plugin_has_subscription_block":false,"_hostinger_reach_plugin_is_elementor":false,"uagb_featured_image_src":{"full":false,"thumbnail":false,"medium":false,"medium_large":false,"large":false,"1536x1536":false,"2048x2048":false},"uagb_author_info":{"display_name":"emetgroup","author_link":"https:\/\/emetgroup.lt\/lt\/author\/infompmmechanical-eu\/"},"uagb_comment_info":0,"uagb_excerpt":"Plienin\u0117s konstrukcijos ir vamzd\u017ei\u0173 montavimas &#8222;UAB EMET Group&#8221; teikia \u012fvairias plieno konstrukcij\u0173 ir vamzd\u017ei\u0173 montavimo paslaugas pramoniniams, civiliniams ir infrastrukt\u016bros projektams. M\u016bs\u0173 specialistai dirba visuose statybos proceso etapuose &#8211; nuo surinkimo ir montavimo iki montavimo statybviet\u0117je. Teikiame patikimus ir efektyvius sprendimus, atitinkan\u010dius tarptautinius kokyb\u0117s ir saugos standartus, u\u017etikrinan\u010dius skland\u017ei\u0105 bet kokio masto ir sud\u0117tingumo projekt\u0173&hellip;","_links":{"self":[{"href":"https:\/\/emetgroup.lt\/lt\/wp-json\/wp\/v2\/pages\/1833","targetHints":{"allow":["GET"]}}],"collection":[{"href":"https:\/\/emetgroup.lt\/lt\/wp-json\/wp\/v2\/pages"}],"about":[{"href":"https:\/\/emetgroup.lt\/lt\/wp-json\/wp\/v2\/types\/page"}],"author":[{"embeddable":true,"href":"https:\/\/emetgroup.lt\/lt\/wp-json\/wp\/v2\/users\/1"}],"replies":[{"embeddable":true,"href":"https:\/\/emetgroup.lt\/lt\/wp-json\/wp\/v2\/comments?post=1833"}],"version-history":[{"count":5,"href":"https:\/\/emetgroup.lt\/lt\/wp-json\/wp\/v2\/pages\/1833\/revisions"}],"predecessor-version":[{"id":1979,"href":"https:\/\/emetgroup.lt\/lt\/wp-json\/wp\/v2\/pages\/1833\/revisions\/1979"}],"wp:attachment":[{"href":"https:\/\/emetgroup.lt\/lt\/wp-json\/wp\/v2\/media?parent=1833"}],"curies":[{"name":"wp","href":"https:\/\/api.w.org\/{rel}","templated":true}]}}