{"id":1881,"date":"2025-09-27T16:26:10","date_gmt":"2025-09-27T16:26:10","guid":{"rendered":"https:\/\/emetgroup.lt\/karjera\/"},"modified":"2025-09-29T19:06:15","modified_gmt":"2025-09-29T19:06:15","slug":"karjera","status":"publish","type":"page","link":"https:\/\/emetgroup.lt\/lt\/karjera\/","title":{"rendered":"Karjera"},"content":{"rendered":"\t\t<div data-elementor-type=\"wp-page\" data-elementor-id=\"1881\" class=\"elementor elementor-1881 elementor-1673\" data-elementor-post-type=\"page\">\n\t\t\t\t<div class=\"elementor-element elementor-element-522e6fe8 e-flex e-con-boxed e-con e-parent\" data-id=\"522e6fe8\" data-element_type=\"container\" data-e-type=\"container\" data-settings=\"{&quot;background_background&quot;:&quot;classic&quot;}\">\n\t\t\t\t\t<div class=\"e-con-inner\">\n\t\t<div class=\"elementor-element elementor-element-2ec5431 e-con-full e-flex e-con e-child\" data-id=\"2ec5431\" data-element_type=\"container\" data-e-type=\"container\">\n\t\t\t\t<div class=\"elementor-element elementor-element-6a6ed538 elementor-widget elementor-widget-heading\" data-id=\"6a6ed538\" data-element_type=\"widget\" data-e-type=\"widget\" data-widget_type=\"heading.default\">\n\t\t\t\t<div class=\"elementor-widget-container\">\n\t\t\t\t\t<h1 class=\"elementor-heading-title elementor-size-default\">Karjera<\/h1>\t\t\t\t<\/div>\n\t\t\t\t<\/div>\n\t\t\t\t<\/div>\n\t\t\t\t\t<\/div>\n\t\t\t\t<\/div>\n\t\t<div class=\"elementor-element elementor-element-f17ffdd e-flex e-con-boxed e-con e-parent\" data-id=\"f17ffdd\" data-element_type=\"container\" data-e-type=\"container\">\n\t\t\t\t\t<div class=\"e-con-inner\">\n\t\t<div class=\"elementor-element elementor-element-5610d4f e-con-full e-flex e-con e-child\" data-id=\"5610d4f\" data-element_type=\"container\" data-e-type=\"container\">\n\t\t\t\t<div class=\"elementor-element elementor-element-15d3395 elementor-widget elementor-widget-text-editor\" data-id=\"15d3395\" data-element_type=\"widget\" data-e-type=\"widget\" data-widget_type=\"text-editor.default\">\n\t\t\t\t<div class=\"elementor-widget-container\">\n\t\t\t\t\t\t\t\t\t<h3>Prisijunkite prie m\u016bs\u0173 komandos<\/h3><p>Prisijunkite prie m\u016bs\u0173 augan\u010dios profesional\u0173 komandos, dirban\u010dios pastoli\u0173 montavimo, suvirinimo, plienini\u0173 konstrukcij\u0173 ir vamzdyn\u0173 surinkimo srityse. Si\u016blome stabil\u0173 \u012fsidarbinim\u0105, konkurencingas s\u0105lygas ir galimybes dalyvauti tarptautiniuose projektuose visoje Europoje. <\/p><p>M\u016bs\u0173 \u012fmon\u0117je saugumas, kokyb\u0117 ir komandin\u0117 dvasia yra visos veiklos pagrindas. Vertiname motyvuotus, kvalifikuotus \u017emones, kurie nori augti kartu su mumis. Prisijung\u0119 \u012fgysite ne tik ilgalaikes karjeros perspektyvas, bet ir galimyb\u0119 tobulinti savo kompetencijas, dirbti su patyrusiais kolegomis bei b\u016bti stiprios ir palaikan\u010dios bendruomen\u0117s dalimi.  <\/p><p>Jei ie\u0161kote darbo vietos, kur j\u016bs\u0173 ind\u0117lis i\u0161 ties\u0173 yra svarbus, kvie\u010diame kurti savo karjer\u0105 kartu su mumis.<\/p>\t\t\t\t\t\t\t\t<\/div>\n\t\t\t\t<\/div>\n\t\t\t\t<\/div>\n\t\t<div class=\"elementor-element elementor-element-cdb7420 e-con-full e-flex e-con e-child\" data-id=\"cdb7420\" data-element_type=\"container\" data-e-type=\"container\">\n\t\t\t\t<div class=\"elementor-element elementor-element-f40c932 elementor-widget elementor-widget-wpforms\" data-id=\"f40c932\" data-element_type=\"widget\" data-e-type=\"widget\" data-widget_type=\"wpforms.default\">\n\t\t\t\t<div class=\"elementor-widget-container\">\n\t\t\t\t\t<div class=\"wpforms-container \" id=\"wpforms-1722\"><form id=\"wpforms-form-1722\" class=\"wpforms-validate wpforms-form wpforms-ajax-form\" data-formid=\"1722\" method=\"post\" enctype=\"multipart\/form-data\" action=\"\/lt\/wp-json\/wp\/v2\/pages\/1881?wpforms_form_id=1722\" data-token=\"c390d98fb191cd097664978e96a094a5\" data-token-time=\"1779021993\"><noscript class=\"wpforms-error-noscript\">Please enable JavaScript in your browser to complete this form.<\/noscript><div class=\"wpforms-field-container\"><div id=\"wpforms-1722-field_1-container\" class=\"wpforms-field wpforms-field-name\" data-field-id=\"1\"><label class=\"wpforms-field-label\" for=\"wpforms-1722-field_1\">Vardas <span class=\"wpforms-required-label\">*<\/span><\/label><div class=\"wpforms-field-row wpforms-field-large\"><div class=\"wpforms-field-row-block wpforms-first wpforms-one-half\"><input type=\"text\" id=\"wpforms-1722-field_1\" class=\"wpforms-field-name-first wpforms-field-required\" name=\"wpforms[fields][1][first]\" required><label for=\"wpforms-1722-field_1\" class=\"wpforms-field-sublabel after\">First<\/label><\/div><div class=\"wpforms-field-row-block wpforms-one-half\"><input type=\"text\" id=\"wpforms-1722-field_1-last\" class=\"wpforms-field-name-last wpforms-field-required\" name=\"wpforms[fields][1][last]\" required><label for=\"wpforms-1722-field_1-last\" class=\"wpforms-field-sublabel after\">Last<\/label><\/div><\/div><\/div><div id=\"wpforms-1722-field_2-container\" class=\"wpforms-field wpforms-field-email\" data-field-id=\"2\"><label class=\"wpforms-field-label\" for=\"wpforms-1722-field_2\">El. pa\u0161tas <span class=\"wpforms-required-label\">*<\/span><\/label><input type=\"email\" id=\"wpforms-1722-field_2\" class=\"wpforms-field-large wpforms-field-required\" name=\"wpforms[fields][2]\" spellcheck=\"false\" required><\/div><div id=\"wpforms-1722-field_5-container\" class=\"wpforms-field wpforms-field-phone\" data-field-id=\"5\"><label class=\"wpforms-field-label\" for=\"wpforms-1722-field_5\">Telefonas <span class=\"wpforms-required-label\">*<\/span><\/label><input type=\"tel\" id=\"wpforms-1722-field_5\" class=\"wpforms-field-large wpforms-field-required wpforms-smart-phone-field\" data-rule-smart-phone-field=\"true\" name=\"wpforms[fields][5]\" aria-label=\"Telefonas\" required><\/div><div id=\"wpforms-1722-field_6-container\" class=\"wpforms-field wpforms-field-select wpforms-field-select-style-classic\" data-field-id=\"6\"><label class=\"wpforms-field-label\" for=\"wpforms-1722-field_6\">Pozicija <span class=\"wpforms-required-label\">*<\/span><\/label><select id=\"wpforms-1722-field_6\" class=\"wpforms-field-large wpforms-field-required\" name=\"wpforms[fields][6]\" required=\"required\"><option value=\"Pastoli\u0173 montuotojas\" >Pastoli\u0173 montuotojas<\/option><option value=\"Suvirintojas\" >Suvirintojas<\/option><option value=\"Metalo konstrukcij\u0173 surink\u0117jas\" >Metalo konstrukcij\u0173 surink\u0117jas<\/option><option value=\"Kita pozicija\" >Kita pozicija<\/option><\/select><\/div><div id=\"wpforms-1722-field_7-container\" class=\"wpforms-field wpforms-field-checkbox wpforms-list-2-columns\" data-field-id=\"7\"><label class=\"wpforms-field-label\">Ar turite patirties? <span class=\"wpforms-required-label\">*<\/span><\/label><ul id=\"wpforms-1722-field_7\" class=\"wpforms-field-required\"><li class=\"choice-1 depth-1\"><input type=\"checkbox\" id=\"wpforms-1722-field_7_1\" name=\"wpforms[fields][7][]\" value=\"Taip\" required ><label class=\"wpforms-field-label-inline\" for=\"wpforms-1722-field_7_1\">Taip<\/label><\/li><li class=\"choice-2 depth-1\"><input type=\"checkbox\" id=\"wpforms-1722-field_7_2\" name=\"wpforms[fields][7][]\" value=\"Ne\" required ><label class=\"wpforms-field-label-inline\" for=\"wpforms-1722-field_7_2\">Ne<\/label><\/li><\/ul><\/div><div id=\"wpforms-1722-field_3-container\" class=\"wpforms-field wpforms-field-textarea\" data-field-id=\"3\"><label class=\"wpforms-field-label\" for=\"wpforms-1722-field_3\">Apra\u0161ymas apie save<\/label><textarea id=\"wpforms-1722-field_3\" class=\"wpforms-field-medium\" name=\"wpforms[fields][3]\" ><\/textarea><\/div><div id=\"wpforms-1722-field_8-container\" class=\"wpforms-field wpforms-field-date-time\" data-field-id=\"8\"><label class=\"wpforms-field-label\" for=\"wpforms-1722-field_8\">Data, nuo kada galite prad\u0117ti <span class=\"wpforms-required-label\">*<\/span><\/label><div class=\"wpforms-datepicker-wrap\"><input type=\"text\" id=\"wpforms-1722-field_8\" class=\"wpforms-field-date-time-date wpforms-datepicker wpforms-field-required wpforms-field-large\" data-date-format=\"m\/d\/Y\" data-disable-past-dates=\"0\" data-input=\"true\" name=\"wpforms[fields][8][date]\" required><a title=\"Clear Date\" data-clear class=\"wpforms-datepicker-clear\" style=\"display:none;\"><\/a><\/div><\/div><div id=\"wpforms-1722-field_9-container\" class=\"wpforms-field wpforms-field-checkbox wpforms-list-2-columns\" data-field-id=\"9\"><label class=\"wpforms-field-label\">Sertifikatai ir licencijos<\/label><ul id=\"wpforms-1722-field_9\"><li class=\"choice-1 depth-1\"><input type=\"checkbox\" id=\"wpforms-1722-field_9_1\" name=\"wpforms[fields][9][]\" value=\"Pastolininko sertifikatas\"  ><label class=\"wpforms-field-label-inline\" for=\"wpforms-1722-field_9_1\">Pastolininko sertifikatas<\/label><\/li><li class=\"choice-2 depth-1\"><input type=\"checkbox\" id=\"wpforms-1722-field_9_2\" name=\"wpforms[fields][9][]\" value=\"Pastoli\u0173 montuotojas A\"  ><label class=\"wpforms-field-label-inline\" for=\"wpforms-1722-field_9_2\">Pastoli\u0173 montuotojas A<\/label><\/li><li class=\"choice-3 depth-1\"><input type=\"checkbox\" id=\"wpforms-1722-field_9_3\" name=\"wpforms[fields][9][]\" value=\"Pastoli\u0173 montuotojas B\"  ><label class=\"wpforms-field-label-inline\" for=\"wpforms-1722-field_9_3\">Pastoli\u0173 montuotojas B<\/label><\/li><li class=\"choice-4 depth-1\"><input type=\"checkbox\" id=\"wpforms-1722-field_9_4\" name=\"wpforms[fields][9][]\" value=\"Vairuotojo pa\u017eym\u0117jimas\"  ><label class=\"wpforms-field-label-inline\" for=\"wpforms-1722-field_9_4\">Vairuotojo pa\u017eym\u0117jimas<\/label><\/li><li class=\"choice-5 depth-1\"><input type=\"checkbox\" id=\"wpforms-1722-field_9_5\" name=\"wpforms[fields][9][]\" value=\"B-VCA\"  ><label class=\"wpforms-field-label-inline\" for=\"wpforms-1722-field_9_5\">B-VCA<\/label><\/li><li class=\"choice-6 depth-1\"><input type=\"checkbox\" id=\"wpforms-1722-field_9_6\" name=\"wpforms[fields][9][]\" value=\"VOL-VCA\"  ><label class=\"wpforms-field-label-inline\" for=\"wpforms-1722-field_9_6\">VOL-VCA<\/label><\/li><li class=\"choice-7 depth-1\"><input type=\"checkbox\" id=\"wpforms-1722-field_9_7\" name=\"wpforms[fields][9][]\" value=\"Krautuv\u0173 sertifikatas\"  ><label class=\"wpforms-field-label-inline\" for=\"wpforms-1722-field_9_7\">Krautuv\u0173 sertifikatas<\/label><\/li><li class=\"choice-8 depth-1\"><input type=\"checkbox\" id=\"wpforms-1722-field_9_8\" name=\"wpforms[fields][9][]\" value=\"Kiti sertifikatai\"  ><label class=\"wpforms-field-label-inline\" for=\"wpforms-1722-field_9_8\">Kiti sertifikatai<\/label><\/li><\/ul><\/div><div id=\"wpforms-1722-field_4-container\" class=\"wpforms-field wpforms-field-file-upload\" data-field-id=\"4\"><label class=\"wpforms-field-label\" for=\"wpforms-1722-field_4\">\u012ekelkite savo gyvenimo apra\u0161ym\u0105<\/label><div\n\t\tclass=\"wpforms-uploader\"\n\t\tdata-field-id=\"4\"\n\t\tdata-form-id=\"1722\"\n\t\tdata-input-name=\"wpforms_1722_4\"\n\t\tdata-extensions=\"jpg,jpeg,jpe,gif,png,bmp,tiff,tif,webp,avif,ico,heic,heif,heics,heifs,asf,asx,wmv,wmx,wm,avi,divx,mov,qt,mpeg,mpg,mpe,mp4,m4v,ogv,webm,mkv,3gp,3gpp,3g2,3gp2,txt,asc,c,cc,h,srt,csv,tsv,ics,rtx,css,vtt,mp3,m4a,m4b,aac,ra,ram,wav,x-wav,ogg,oga,flac,mid,midi,wma,wax,mka,rtf,pdf,class,tar,zip,gz,gzip,rar,7z,psd,xcf,doc,pot,pps,ppt,wri,xla,xls,xlt,xlw,mpp,docx,docm,dotx,dotm,xlsx,xlsm,xlsb,xltx,xltm,xlam,pptx,pptm,ppsx,ppsm,potx,potm,ppam,sldx,sldm,onetoc,onetoc2,onepkg,oxps,xps,odt,odp,ods,odg,odc,odb,odf,wp,wpd,key,numbers,pages,json\"\n\t\tdata-max-size=\"268435456\"\n\t\tdata-max-file-number=\"3\"\n\t\tdata-post-max-size=\"268435456\"\n\t\tdata-max-parallel-uploads=\"4\"\n\t\tdata-parallel-uploads=\"true\"\n\t\tdata-file-chunk-size=\"2097152\">\n\t<div class=\"dz-message\">\n\t\t<svg viewBox=\"0 0 1024 1024\" focusable=\"false\" data-icon=\"inbox\" width=\"50px\" height=\"50px\" fill=\"currentColor\" aria-hidden=\"true\">\n\t\t\t<path d=\"M885.2 446.3l-.2-.8-112.2-285.1c-5-16.1-19.9-27.2-36.8-27.2H281.2c-17 0-32.1 11.3-36.9 27.6L139.4 443l-.3.7-.2.8c-1.3 4.9-1.7 9.9-1 14.8-.1 1.6-.2 3.2-.2 4.8V830a60.9 60.9 0 0 0 60.8 60.8h627.2c33.5 0 60.8-27.3 60.9-60.8V464.1c0-1.3 0-2.6-.1-3.7.4-4.9 0-9.6-1.3-14.1zm-295.8-43l-.3 15.7c-.8 44.9-31.8 75.1-77.1 75.1-22.1 0-41.1-7.1-54.8-20.6S436 441.2 435.6 419l-.3-15.7H229.5L309 210h399.2l81.7 193.3H589.4zm-375 76.8h157.3c24.3 57.1 76 90.8 140.4 90.8 33.7 0 65-9.4 90.3-27.2 22.2-15.6 39.5-37.4 50.7-63.6h156.5V814H214.4V480.1z\"><\/path>\n\t\t<\/svg>\n\t\t<span class=\"modern-title\">Click or drag files to this area to upload.<\/span>\n\n\t\t\t\t\t<span class=\"modern-hint\">You can upload up to 3 files.<\/span>\n\t\t\t<\/div>\n<\/div>\n<input\n\t\ttype=\"text\"\n\t\tautocomplete=\"off\"\n\t\treadonly\n\t\tclass=\"dropzone-input\"\n\t\tstyle=\"position:absolute!important;clip:rect(0,0,0,0)!important;height:1px!important;width:1px!important;border:0!important;overflow:hidden!important;padding:0!important;margin:0!important;\"\n\t\tid=\"wpforms-1722-field_4\"\n\t\tname=\"wpforms_1722_4\" \t\tvalue=\"\">\n<\/div><\/div><!-- .wpforms-field-container --><div class=\"wpforms-submit-container\" ><input type=\"hidden\" name=\"wpforms[id]\" value=\"1722\"><input type=\"hidden\" name=\"page_title\" value=\"\"><input type=\"hidden\" name=\"page_url\" value=\"https:\/\/emetgroup.lt\/lt\/wp-json\/wp\/v2\/pages\/1881\"><button type=\"submit\" name=\"wpforms[submit]\" id=\"wpforms-submit-1722\" class=\"wpforms-submit\" data-alt-text=\"Siun\u010diama...\" data-submit-text=\"Si\u0173sti\" aria-live=\"assertive\" value=\"wpforms-submit\">Si\u0173sti<\/button><img decoding=\"async\" src=\"https:\/\/emetgroup.lt\/wp-content\/plugins\/wpforms\/assets\/images\/submit-spin.svg\" class=\"wpforms-submit-spinner\" style=\"display: none;\" width=\"26\" height=\"26\" alt=\"Loading\"><\/div><\/form><\/div>  <!-- .wpforms-container -->\t\t\t\t<\/div>\n\t\t\t\t<\/div>\n\t\t\t\t<\/div>\n\t\t\t\t\t<\/div>\n\t\t\t\t<\/div>\n\t\t\t\t<\/div>\n\t\t","protected":false},"excerpt":{"rendered":"<p>Karjera Prisijunkite prie m\u016bs\u0173 komandos Prisijunkite prie m\u016bs\u0173 augan\u010dios profesional\u0173 komandos, dirban\u010dios pastoli\u0173 montavimo, suvirinimo, plienini\u0173 konstrukcij\u0173 ir vamzdyn\u0173 surinkimo srityse. Si\u016blome stabil\u0173 \u012fsidarbinim\u0105, konkurencingas s\u0105lygas ir galimybes dalyvauti tarptautiniuose projektuose visoje Europoje. M\u016bs\u0173 \u012fmon\u0117je saugumas, kokyb\u0117 ir komandin\u0117 dvasia yra visos veiklos pagrindas. Vertiname motyvuotus, kvalifikuotus \u017emones, kurie nori augti kartu su mumis. Prisijung\u0119 [&hellip;]<\/p>\n","protected":false},"author":1,"featured_media":0,"parent":0,"menu_order":0,"comment_status":"closed","ping_status":"closed","template":"","meta":{"_uag_custom_page_level_css":"","site-sidebar-layout":"no-sidebar","site-content-layout":"page-builder","ast-site-content-layout":"full-width-container","site-content-style":"default","site-sidebar-style":"default","ast-global-header-display":"","ast-banner-title-visibility":"","ast-main-header-display":"","ast-hfb-above-header-display":"","ast-hfb-below-header-display":"","ast-hfb-mobile-header-display":"","site-post-title":"disabled","ast-breadcrumbs-content":"","ast-featured-img":"disabled","footer-sml-layout":"","ast-disable-related-posts":"","theme-transparent-header-meta":"enabled","adv-header-id-meta":"","stick-header-meta":"","header-above-stick-meta":"","header-main-stick-meta":"","header-below-stick-meta":"","astra-migrate-meta-layouts":"default","ast-page-background-enabled":"default","ast-page-background-meta":{"desktop":{"background-color":"","background-image":"","background-repeat":"repeat","background-position":"center center","background-size":"auto","background-attachment":"scroll","background-type":"","background-media":"","overlay-type":"","overlay-color":"","overlay-opacity":"","overlay-gradient":""},"tablet":{"background-color":"","background-image":"","background-repeat":"repeat","background-position":"center center","background-size":"auto","background-attachment":"scroll","background-type":"","background-media":"","overlay-type":"","overlay-color":"","overlay-opacity":"","overlay-gradient":""},"mobile":{"background-color":"","background-image":"","background-repeat":"repeat","background-position":"center center","background-size":"auto","background-attachment":"scroll","background-type":"","background-media":"","overlay-type":"","overlay-color":"","overlay-opacity":"","overlay-gradient":""}},"ast-content-background-meta":{"desktop":{"background-color":"var(--ast-global-color-5)","background-image":"","background-repeat":"repeat","background-position":"center center","background-size":"auto","background-attachment":"scroll","background-type":"","background-media":"","overlay-type":"","overlay-color":"","overlay-opacity":"","overlay-gradient":""},"tablet":{"background-color":"var(--ast-global-color-5)","background-image":"","background-repeat":"repeat","background-position":"center center","background-size":"auto","background-attachment":"scroll","background-type":"","background-media":"","overlay-type":"","overlay-color":"","overlay-opacity":"","overlay-gradient":""},"mobile":{"background-color":"var(--ast-global-color-5)","background-image":"","background-repeat":"repeat","background-position":"center center","background-size":"auto","background-attachment":"scroll","background-type":"","background-media":"","overlay-type":"","overlay-color":"","overlay-opacity":"","overlay-gradient":""}},"footnotes":""},"class_list":["post-1881","page","type-page","status-publish","hentry"],"_hostinger_reach_plugin_has_subscription_block":false,"_hostinger_reach_plugin_is_elementor":false,"uagb_featured_image_src":{"full":false,"thumbnail":false,"medium":false,"medium_large":false,"large":false,"1536x1536":false,"2048x2048":false},"uagb_author_info":{"display_name":"emetgroup","author_link":"https:\/\/emetgroup.lt\/lt\/author\/infompmmechanical-eu\/"},"uagb_comment_info":0,"uagb_excerpt":"Karjera Prisijunkite prie m\u016bs\u0173 komandos Prisijunkite prie m\u016bs\u0173 augan\u010dios profesional\u0173 komandos, dirban\u010dios pastoli\u0173 montavimo, suvirinimo, plienini\u0173 konstrukcij\u0173 ir vamzdyn\u0173 surinkimo srityse. Si\u016blome stabil\u0173 \u012fsidarbinim\u0105, konkurencingas s\u0105lygas ir galimybes dalyvauti tarptautiniuose projektuose visoje Europoje. M\u016bs\u0173 \u012fmon\u0117je saugumas, kokyb\u0117 ir komandin\u0117 dvasia yra visos veiklos pagrindas. Vertiname motyvuotus, kvalifikuotus \u017emones, kurie nori augti kartu su mumis. Prisijung\u0119&hellip;","_links":{"self":[{"href":"https:\/\/emetgroup.lt\/lt\/wp-json\/wp\/v2\/pages\/1881","targetHints":{"allow":["GET"]}}],"collection":[{"href":"https:\/\/emetgroup.lt\/lt\/wp-json\/wp\/v2\/pages"}],"about":[{"href":"https:\/\/emetgroup.lt\/lt\/wp-json\/wp\/v2\/types\/page"}],"author":[{"embeddable":true,"href":"https:\/\/emetgroup.lt\/lt\/wp-json\/wp\/v2\/users\/1"}],"replies":[{"embeddable":true,"href":"https:\/\/emetgroup.lt\/lt\/wp-json\/wp\/v2\/comments?post=1881"}],"version-history":[{"count":1,"href":"https:\/\/emetgroup.lt\/lt\/wp-json\/wp\/v2\/pages\/1881\/revisions"}],"predecessor-version":[{"id":1882,"href":"https:\/\/emetgroup.lt\/lt\/wp-json\/wp\/v2\/pages\/1881\/revisions\/1882"}],"wp:attachment":[{"href":"https:\/\/emetgroup.lt\/lt\/wp-json\/wp\/v2\/media?parent=1881"}],"curies":[{"name":"wp","href":"https:\/\/api.w.org\/{rel}","templated":true}]}}