{"id":2061,"date":"2026-03-19T23:35:08","date_gmt":"2026-03-19T23:35:08","guid":{"rendered":"https:\/\/emetgroup.lt\/izoliavimas\/"},"modified":"2026-03-22T23:05:24","modified_gmt":"2026-03-22T23:05:24","slug":"izoliavimas","status":"publish","type":"page","link":"https:\/\/emetgroup.lt\/lt\/izoliavimas\/","title":{"rendered":"Izoliavimas"},"content":{"rendered":"\t\t<div data-elementor-type=\"wp-page\" data-elementor-id=\"2061\" class=\"elementor elementor-2061 elementor-2018\" data-elementor-post-type=\"page\">\n\t\t\t\t<div class=\"elementor-element elementor-element-6af8d45e e-con-full e-flex e-con e-parent\" data-id=\"6af8d45e\" data-element_type=\"container\" data-e-type=\"container\" data-settings=\"{&quot;background_background&quot;:&quot;classic&quot;}\">\n\t\t<div class=\"elementor-element elementor-element-4d82e667 e-con-full e-flex e-con e-child\" data-id=\"4d82e667\" data-element_type=\"container\" data-e-type=\"container\">\n\t\t\t\t<div class=\"elementor-element elementor-element-73b33214 elementor-widget__width-inherit elementor-widget elementor-widget-heading\" data-id=\"73b33214\" data-element_type=\"widget\" data-e-type=\"widget\" data-widget_type=\"heading.default\">\n\t\t\t\t<div class=\"elementor-widget-container\">\n\t\t\t\t\t<h1 class=\"elementor-heading-title elementor-size-default\">Izoliavimas<\/h1>\t\t\t\t<\/div>\n\t\t\t\t<\/div>\n\t\t\t\t<\/div>\n\t\t\t\t<\/div>\n\t\t\t\t<section class=\"elementor-section elementor-top-section elementor-element elementor-element-bbcpics elementor-section-content-middle elementor-reverse-mobile elementor-section-boxed elementor-section-height-default elementor-section-height-default\" data-id=\"bbcpics\" data-element_type=\"section\" data-e-type=\"section\" data-settings=\"{&quot;background_background&quot;:&quot;classic&quot;}\">\n\t\t\t\t\t\t\t<div class=\"elementor-background-overlay\"><\/div>\n\t\t\t\t\t\t\t<div class=\"elementor-container elementor-column-gap-no\">\n\t\t\t\t\t<div class=\"elementor-column elementor-col-50 elementor-top-column elementor-element elementor-element-0c36485\" data-id=\"0c36485\" data-element_type=\"column\" data-e-type=\"column\">\n\t\t\t<div class=\"elementor-widget-wrap elementor-element-populated\">\n\t\t\t\t\t\t<div class=\"elementor-element elementor-element-de68298 elementor-widget elementor-widget-text-editor\" data-id=\"de68298\" data-element_type=\"widget\" data-e-type=\"widget\" data-widget_type=\"text-editor.default\">\n\t\t\t\t<div class=\"elementor-widget-container\">\n\t\t\t\t\t\t\t\t\t<p>M\u016bs\u0173 \u012fmon\u0117 teikia profesionalias \u0161ilumos ir \u0161al\u010dio izoliacijos paslaugas, u\u017etikrindama efektyvius, ilgaam\u017eius ir ekonomi\u0161kus sprendimus \u012fvairiems pramoniniams objektams. Tinkamai suprojektuota ir \u012frengta izoliacija padeda suma\u017einti energijos nuostolius, apsaugoti \u012frang\u0105 nuo temperat\u016brini\u0173 svyravim\u0173 bei prailginti jos tarnavimo laik\u0105. <\/p><p>M\u016bs\u0173 patyr\u0119 ir kvalifikuoti specialistai atlieka izoliacijos darbus vamzdynams, \u012frenginiams, talpykloms, ortakiams, filtrams, katilams bei kitai technologinei \u012frangai. Kiekvienam projektui parenkame optimalias med\u017eiagas ir izoliacijos stor\u012f, atsi\u017evelgdami \u012f techninius reikalavimus, darbo s\u0105lygas ir kliento poreikius. <\/p><p>S\u0117kmingai \u012fgyvendiname projektus \u012fvairiuose pramon\u0117s sektoriuose: naftos chemijos, chemijos, energetikos, maisto pramon\u0117s, laiv\u0173 ir jacht\u0173 statybos, offshore bei sand\u0117liavimo srityse. M\u016bs\u0173 tikslas \u2013 kokybi\u0161kai ir atsakingai \u012fgyvendinti kiekvien\u0105 projekt\u0105, u\u017etikrinant auk\u0161\u010diausius techninius ir saugos standartus. <\/p>\t\t\t\t\t\t\t\t<\/div>\n\t\t\t\t<\/div>\n\t\t\t\t\t<\/div>\n\t\t<\/div>\n\t\t\t\t<div class=\"elementor-column elementor-col-50 elementor-top-column elementor-element elementor-element-26fcf8e\" data-id=\"26fcf8e\" data-element_type=\"column\" data-e-type=\"column\">\n\t\t\t<div class=\"elementor-widget-wrap elementor-element-populated\">\n\t\t\t\t\t\t<div class=\"elementor-element elementor-element-ff4cfca elementor-widget elementor-widget-image\" data-id=\"ff4cfca\" data-element_type=\"widget\" data-e-type=\"widget\" data-widget_type=\"image.default\">\n\t\t\t\t<div class=\"elementor-widget-container\">\n\t\t\t\t\t\t\t\t\t\t\t\t\t\t\t<img fetchpriority=\"high\" decoding=\"async\" width=\"600\" height=\"600\" src=\"https:\/\/emetgroup.lt\/wp-content\/uploads\/2026\/03\/pipe-insulation.jpg\" class=\"attachment-large size-large wp-image-2057\" alt=\"\" srcset=\"https:\/\/emetgroup.lt\/wp-content\/uploads\/2026\/03\/pipe-insulation.jpg 600w, https:\/\/emetgroup.lt\/wp-content\/uploads\/2026\/03\/pipe-insulation-300x300.jpg 300w, https:\/\/emetgroup.lt\/wp-content\/uploads\/2026\/03\/pipe-insulation-150x150.jpg 150w\" sizes=\"(max-width: 600px) 100vw, 600px\" \/>\t\t\t\t\t\t\t\t\t\t\t\t\t\t\t<\/div>\n\t\t\t\t<\/div>\n\t\t\t\t\t<\/div>\n\t\t<\/div>\n\t\t\t\t\t<\/div>\n\t\t<\/section>\n\t\t<div class=\"elementor-element elementor-element-687bdb8 e-flex e-con-boxed e-con e-parent\" data-id=\"687bdb8\" data-element_type=\"container\" data-e-type=\"container\" data-settings=\"{&quot;background_background&quot;:&quot;classic&quot;}\">\n\t\t\t\t\t<div class=\"e-con-inner\">\n\t\t\t\t\t<\/div>\n\t\t\t\t<\/div>\n\t\t\t\t<\/div>\n\t\t","protected":false},"excerpt":{"rendered":"<p>Izoliavimas M\u016bs\u0173 \u012fmon\u0117 teikia profesionalias \u0161ilumos ir \u0161al\u010dio izoliacijos paslaugas, u\u017etikrindama efektyvius, ilgaam\u017eius ir ekonomi\u0161kus sprendimus \u012fvairiems pramoniniams objektams. Tinkamai suprojektuota ir \u012frengta izoliacija padeda suma\u017einti energijos nuostolius, apsaugoti \u012frang\u0105 nuo temperat\u016brini\u0173 svyravim\u0173 bei prailginti jos tarnavimo laik\u0105. M\u016bs\u0173 patyr\u0119 ir kvalifikuoti specialistai atlieka izoliacijos darbus vamzdynams, \u012frenginiams, talpykloms, ortakiams, filtrams, katilams bei kitai technologinei [&hellip;]<\/p>\n","protected":false},"author":1,"featured_media":0,"parent":0,"menu_order":0,"comment_status":"closed","ping_status":"closed","template":"","meta":{"_uag_custom_page_level_css":"","site-sidebar-layout":"no-sidebar","site-content-layout":"page-builder","ast-site-content-layout":"full-width-container","site-content-style":"default","site-sidebar-style":"default","ast-global-header-display":"","ast-banner-title-visibility":"","ast-main-header-display":"","ast-hfb-above-header-display":"","ast-hfb-below-header-display":"","ast-hfb-mobile-header-display":"","site-post-title":"disabled","ast-breadcrumbs-content":"","ast-featured-img":"disabled","footer-sml-layout":"","ast-disable-related-posts":"","theme-transparent-header-meta":"enabled","adv-header-id-meta":"","stick-header-meta":"","header-above-stick-meta":"","header-main-stick-meta":"","header-below-stick-meta":"","astra-migrate-meta-layouts":"default","ast-page-background-enabled":"default","ast-page-background-meta":{"desktop":{"background-color":"","background-image":"","background-repeat":"repeat","background-position":"center center","background-size":"auto","background-attachment":"scroll","background-type":"","background-media":"","overlay-type":"","overlay-color":"","overlay-opacity":"","overlay-gradient":""},"tablet":{"background-color":"","background-image":"","background-repeat":"repeat","background-position":"center center","background-size":"auto","background-attachment":"scroll","background-type":"","background-media":"","overlay-type":"","overlay-color":"","overlay-opacity":"","overlay-gradient":""},"mobile":{"background-color":"","background-image":"","background-repeat":"repeat","background-position":"center center","background-size":"auto","background-attachment":"scroll","background-type":"","background-media":"","overlay-type":"","overlay-color":"","overlay-opacity":"","overlay-gradient":""}},"ast-content-background-meta":{"desktop":{"background-color":"var(--ast-global-color-5)","background-image":"","background-repeat":"repeat","background-position":"center center","background-size":"auto","background-attachment":"scroll","background-type":"","background-media":"","overlay-type":"","overlay-color":"","overlay-opacity":"","overlay-gradient":""},"tablet":{"background-color":"var(--ast-global-color-5)","background-image":"","background-repeat":"repeat","background-position":"center center","background-size":"auto","background-attachment":"scroll","background-type":"","background-media":"","overlay-type":"","overlay-color":"","overlay-opacity":"","overlay-gradient":""},"mobile":{"background-color":"var(--ast-global-color-5)","background-image":"","background-repeat":"repeat","background-position":"center center","background-size":"auto","background-attachment":"scroll","background-type":"","background-media":"","overlay-type":"","overlay-color":"","overlay-opacity":"","overlay-gradient":""}},"footnotes":""},"class_list":["post-2061","page","type-page","status-publish","hentry"],"_hostinger_reach_plugin_has_subscription_block":false,"_hostinger_reach_plugin_is_elementor":false,"uagb_featured_image_src":{"full":false,"thumbnail":false,"medium":false,"medium_large":false,"large":false,"1536x1536":false,"2048x2048":false},"uagb_author_info":{"display_name":"emetgroup","author_link":"https:\/\/emetgroup.lt\/lt\/author\/infompmmechanical-eu\/"},"uagb_comment_info":0,"uagb_excerpt":"Izoliavimas M\u016bs\u0173 \u012fmon\u0117 teikia profesionalias \u0161ilumos ir \u0161al\u010dio izoliacijos paslaugas, u\u017etikrindama efektyvius, ilgaam\u017eius ir ekonomi\u0161kus sprendimus \u012fvairiems pramoniniams objektams. Tinkamai suprojektuota ir \u012frengta izoliacija padeda suma\u017einti energijos nuostolius, apsaugoti \u012frang\u0105 nuo temperat\u016brini\u0173 svyravim\u0173 bei prailginti jos tarnavimo laik\u0105. M\u016bs\u0173 patyr\u0119 ir kvalifikuoti specialistai atlieka izoliacijos darbus vamzdynams, \u012frenginiams, talpykloms, ortakiams, filtrams, katilams bei kitai technologinei&hellip;","_links":{"self":[{"href":"https:\/\/emetgroup.lt\/lt\/wp-json\/wp\/v2\/pages\/2061","targetHints":{"allow":["GET"]}}],"collection":[{"href":"https:\/\/emetgroup.lt\/lt\/wp-json\/wp\/v2\/pages"}],"about":[{"href":"https:\/\/emetgroup.lt\/lt\/wp-json\/wp\/v2\/types\/page"}],"author":[{"embeddable":true,"href":"https:\/\/emetgroup.lt\/lt\/wp-json\/wp\/v2\/users\/1"}],"replies":[{"embeddable":true,"href":"https:\/\/emetgroup.lt\/lt\/wp-json\/wp\/v2\/comments?post=2061"}],"version-history":[{"count":1,"href":"https:\/\/emetgroup.lt\/lt\/wp-json\/wp\/v2\/pages\/2061\/revisions"}],"predecessor-version":[{"id":2062,"href":"https:\/\/emetgroup.lt\/lt\/wp-json\/wp\/v2\/pages\/2061\/revisions\/2062"}],"wp:attachment":[{"href":"https:\/\/emetgroup.lt\/lt\/wp-json\/wp\/v2\/media?parent=2061"}],"curies":[{"name":"wp","href":"https:\/\/api.w.org\/{rel}","templated":true}]}}