{"id":2065,"date":"2026-03-19T23:36:30","date_gmt":"2026-03-19T23:36:30","guid":{"rendered":"https:\/\/emetgroup.lt\/dazymo-ir-smeliavimo-paslaugos\/"},"modified":"2026-03-22T23:08:42","modified_gmt":"2026-03-22T23:08:42","slug":"dazymo-ir-smeliavimo-paslaugos","status":"publish","type":"page","link":"https:\/\/emetgroup.lt\/lt\/dazymo-ir-smeliavimo-paslaugos\/","title":{"rendered":"Da\u017eymo ir sm\u0117liavimo paslaugos"},"content":{"rendered":"\t\t<div data-elementor-type=\"wp-page\" data-elementor-id=\"2065\" class=\"elementor elementor-2065 elementor-2019\" data-elementor-post-type=\"page\">\n\t\t\t\t<div class=\"elementor-element elementor-element-6af8d45e e-con-full e-flex e-con e-parent\" data-id=\"6af8d45e\" data-element_type=\"container\" data-e-type=\"container\" data-settings=\"{&quot;background_background&quot;:&quot;classic&quot;}\">\n\t\t<div class=\"elementor-element elementor-element-4d82e667 e-con-full e-flex e-con e-child\" data-id=\"4d82e667\" data-element_type=\"container\" data-e-type=\"container\">\n\t\t\t\t<div class=\"elementor-element elementor-element-73b33214 elementor-widget__width-inherit elementor-widget elementor-widget-heading\" data-id=\"73b33214\" data-element_type=\"widget\" data-e-type=\"widget\" data-widget_type=\"heading.default\">\n\t\t\t\t<div class=\"elementor-widget-container\">\n\t\t\t\t\t<h1 class=\"elementor-heading-title elementor-size-default\">Da\u017eymo ir sm\u0117liavimo paslaugos<\/h1>\t\t\t\t<\/div>\n\t\t\t\t<\/div>\n\t\t\t\t<\/div>\n\t\t\t\t<\/div>\n\t\t\t\t<section class=\"elementor-section elementor-top-section elementor-element elementor-element-bbcpics elementor-section-content-middle elementor-reverse-mobile elementor-section-boxed elementor-section-height-default elementor-section-height-default\" data-id=\"bbcpics\" data-element_type=\"section\" data-e-type=\"section\" data-settings=\"{&quot;background_background&quot;:&quot;classic&quot;}\">\n\t\t\t\t\t\t\t<div class=\"elementor-background-overlay\"><\/div>\n\t\t\t\t\t\t\t<div class=\"elementor-container elementor-column-gap-no\">\n\t\t\t\t\t<div class=\"elementor-column elementor-col-50 elementor-top-column elementor-element elementor-element-0c36485\" data-id=\"0c36485\" data-element_type=\"column\" data-e-type=\"column\">\n\t\t\t<div class=\"elementor-widget-wrap elementor-element-populated\">\n\t\t\t\t\t\t<div class=\"elementor-element elementor-element-de68298 elementor-widget elementor-widget-text-editor\" data-id=\"de68298\" data-element_type=\"widget\" data-e-type=\"widget\" data-widget_type=\"text-editor.default\">\n\t\t\t\t<div class=\"elementor-widget-container\">\n\t\t\t\t\t\t\t\t\t<p>Si\u016blome kvalifikuotus da\u017eytojus ir sm\u0117liuotojus laiv\u0173 statybos, laiv\u0173 remonto bei pramon\u0117s sektoriams. Atliekame profesionalius pavir\u0161iaus<br \/>paruo\u0161imo ir da\u017eymo darbus, u\u017etikrindami ilgaam\u017e\u0119 apsaug\u0105 nuo korozijos bei auk\u0161t\u0105 atlikimo kokyb\u0119.<\/p><p>M\u016bs\u0173 paslaugos apima sm\u0117liavim\u0105 (pavir\u0161iaus paruo\u0161im\u0105), detali\u0173 da\u017eym\u0105, laiv\u0173 korpus\u0173 ir vidaus pavir\u0161i\u0173 da\u017eym\u0105, metalini\u0173 konstrukcij\u0173, talpykl\u0173, cech\u0173, \u012fvairi\u0173 metalini\u0173 detali\u0173 bei kit\u0173 pramonini\u0173 objekt\u0173 padengim\u0105. Dirbame tiek voleliu\/teptuku, tiek kompresorinio (pur\u0161kiamo)<br \/>da\u017eymo b\u016bdu \u2013 parenkame tinkamiausi\u0105 metod\u0105 pagal projekto specifik\u0105 ir techninius reikalavimus.<\/p><p>Turime sukaup\u0119 ilgamet\u0119 patirt\u012f dirbant su metalin\u0117mis konstrukcijomis, pramoniniais \u012frenginiais bei specialios paskirties objektais. Laiv\u0173 statybos sektoriuje si\u016blome korpus\u0173 sm\u0117liavimo ir da\u017eymo paslaugas, atitinkan\u010dias auk\u0161tus j\u016brinius standartus.<\/p><p>Visi m\u016bs\u0173 specialistai yra sertifikuoti darbui auk\u0161tyje bei su k\u0117limo \u012franga (pvz., keltuvais), apr\u016bpinti visa b\u016btina apsaugine apranga ir \u012frankiais.<\/p>\t\t\t\t\t\t\t\t<\/div>\n\t\t\t\t<\/div>\n\t\t\t\t\t<\/div>\n\t\t<\/div>\n\t\t\t\t<div class=\"elementor-column elementor-col-50 elementor-top-column elementor-element elementor-element-26fcf8e\" data-id=\"26fcf8e\" data-element_type=\"column\" data-e-type=\"column\">\n\t\t\t<div class=\"elementor-widget-wrap elementor-element-populated\">\n\t\t\t\t\t\t<div class=\"elementor-element elementor-element-ff4cfca elementor-widget elementor-widget-image\" data-id=\"ff4cfca\" data-element_type=\"widget\" data-e-type=\"widget\" data-widget_type=\"image.default\">\n\t\t\t\t<div class=\"elementor-widget-container\">\n\t\t\t\t\t\t\t\t\t\t\t\t\t\t\t<img fetchpriority=\"high\" decoding=\"async\" width=\"650\" height=\"433\" src=\"https:\/\/emetgroup.lt\/wp-content\/uploads\/2026\/03\/foxs-marina-sprayshop-hull-finishing-services.jpg\" class=\"attachment-large size-large wp-image-2059\" alt=\"\" srcset=\"https:\/\/emetgroup.lt\/wp-content\/uploads\/2026\/03\/foxs-marina-sprayshop-hull-finishing-services.jpg 650w, https:\/\/emetgroup.lt\/wp-content\/uploads\/2026\/03\/foxs-marina-sprayshop-hull-finishing-services-300x200.jpg 300w\" sizes=\"(max-width: 650px) 100vw, 650px\" \/>\t\t\t\t\t\t\t\t\t\t\t\t\t\t\t<\/div>\n\t\t\t\t<\/div>\n\t\t\t\t\t<\/div>\n\t\t<\/div>\n\t\t\t\t\t<\/div>\n\t\t<\/section>\n\t\t<div class=\"elementor-element elementor-element-687bdb8 e-flex e-con-boxed e-con e-parent\" data-id=\"687bdb8\" data-element_type=\"container\" data-e-type=\"container\" data-settings=\"{&quot;background_background&quot;:&quot;classic&quot;}\">\n\t\t\t\t\t<div class=\"e-con-inner\">\n\t\t\t\t\t<\/div>\n\t\t\t\t<\/div>\n\t\t\t\t<\/div>\n\t\t","protected":false},"excerpt":{"rendered":"<p>Da\u017eymo ir sm\u0117liavimo paslaugos Si\u016blome kvalifikuotus da\u017eytojus ir sm\u0117liuotojus laiv\u0173 statybos, laiv\u0173 remonto bei pramon\u0117s sektoriams. Atliekame profesionalius pavir\u0161iausparuo\u0161imo ir da\u017eymo darbus, u\u017etikrindami ilgaam\u017e\u0119 apsaug\u0105 nuo korozijos bei auk\u0161t\u0105 atlikimo kokyb\u0119. M\u016bs\u0173 paslaugos apima sm\u0117liavim\u0105 (pavir\u0161iaus paruo\u0161im\u0105), detali\u0173 da\u017eym\u0105, laiv\u0173 korpus\u0173 ir vidaus pavir\u0161i\u0173 da\u017eym\u0105, metalini\u0173 konstrukcij\u0173, talpykl\u0173, cech\u0173, \u012fvairi\u0173 metalini\u0173 detali\u0173 bei kit\u0173 pramonini\u0173 [&hellip;]<\/p>\n","protected":false},"author":1,"featured_media":0,"parent":0,"menu_order":0,"comment_status":"closed","ping_status":"closed","template":"","meta":{"_uag_custom_page_level_css":"","site-sidebar-layout":"no-sidebar","site-content-layout":"page-builder","ast-site-content-layout":"full-width-container","site-content-style":"default","site-sidebar-style":"default","ast-global-header-display":"","ast-banner-title-visibility":"","ast-main-header-display":"","ast-hfb-above-header-display":"","ast-hfb-below-header-display":"","ast-hfb-mobile-header-display":"","site-post-title":"disabled","ast-breadcrumbs-content":"","ast-featured-img":"disabled","footer-sml-layout":"","ast-disable-related-posts":"","theme-transparent-header-meta":"enabled","adv-header-id-meta":"","stick-header-meta":"","header-above-stick-meta":"","header-main-stick-meta":"","header-below-stick-meta":"","astra-migrate-meta-layouts":"default","ast-page-background-enabled":"default","ast-page-background-meta":{"desktop":{"background-color":"","background-image":"","background-repeat":"repeat","background-position":"center center","background-size":"auto","background-attachment":"scroll","background-type":"","background-media":"","overlay-type":"","overlay-color":"","overlay-opacity":"","overlay-gradient":""},"tablet":{"background-color":"","background-image":"","background-repeat":"repeat","background-position":"center center","background-size":"auto","background-attachment":"scroll","background-type":"","background-media":"","overlay-type":"","overlay-color":"","overlay-opacity":"","overlay-gradient":""},"mobile":{"background-color":"","background-image":"","background-repeat":"repeat","background-position":"center center","background-size":"auto","background-attachment":"scroll","background-type":"","background-media":"","overlay-type":"","overlay-color":"","overlay-opacity":"","overlay-gradient":""}},"ast-content-background-meta":{"desktop":{"background-color":"var(--ast-global-color-5)","background-image":"","background-repeat":"repeat","background-position":"center center","background-size":"auto","background-attachment":"scroll","background-type":"","background-media":"","overlay-type":"","overlay-color":"","overlay-opacity":"","overlay-gradient":""},"tablet":{"background-color":"var(--ast-global-color-5)","background-image":"","background-repeat":"repeat","background-position":"center center","background-size":"auto","background-attachment":"scroll","background-type":"","background-media":"","overlay-type":"","overlay-color":"","overlay-opacity":"","overlay-gradient":""},"mobile":{"background-color":"var(--ast-global-color-5)","background-image":"","background-repeat":"repeat","background-position":"center center","background-size":"auto","background-attachment":"scroll","background-type":"","background-media":"","overlay-type":"","overlay-color":"","overlay-opacity":"","overlay-gradient":""}},"footnotes":""},"class_list":["post-2065","page","type-page","status-publish","hentry"],"_hostinger_reach_plugin_has_subscription_block":false,"_hostinger_reach_plugin_is_elementor":false,"uagb_featured_image_src":{"full":false,"thumbnail":false,"medium":false,"medium_large":false,"large":false,"1536x1536":false,"2048x2048":false},"uagb_author_info":{"display_name":"emetgroup","author_link":"https:\/\/emetgroup.lt\/lt\/author\/infompmmechanical-eu\/"},"uagb_comment_info":0,"uagb_excerpt":"Da\u017eymo ir sm\u0117liavimo paslaugos Si\u016blome kvalifikuotus da\u017eytojus ir sm\u0117liuotojus laiv\u0173 statybos, laiv\u0173 remonto bei pramon\u0117s sektoriams. Atliekame profesionalius pavir\u0161iausparuo\u0161imo ir da\u017eymo darbus, u\u017etikrindami ilgaam\u017e\u0119 apsaug\u0105 nuo korozijos bei auk\u0161t\u0105 atlikimo kokyb\u0119. M\u016bs\u0173 paslaugos apima sm\u0117liavim\u0105 (pavir\u0161iaus paruo\u0161im\u0105), detali\u0173 da\u017eym\u0105, laiv\u0173 korpus\u0173 ir vidaus pavir\u0161i\u0173 da\u017eym\u0105, metalini\u0173 konstrukcij\u0173, talpykl\u0173, cech\u0173, \u012fvairi\u0173 metalini\u0173 detali\u0173 bei kit\u0173 pramonini\u0173&hellip;","_links":{"self":[{"href":"https:\/\/emetgroup.lt\/lt\/wp-json\/wp\/v2\/pages\/2065","targetHints":{"allow":["GET"]}}],"collection":[{"href":"https:\/\/emetgroup.lt\/lt\/wp-json\/wp\/v2\/pages"}],"about":[{"href":"https:\/\/emetgroup.lt\/lt\/wp-json\/wp\/v2\/types\/page"}],"author":[{"embeddable":true,"href":"https:\/\/emetgroup.lt\/lt\/wp-json\/wp\/v2\/users\/1"}],"replies":[{"embeddable":true,"href":"https:\/\/emetgroup.lt\/lt\/wp-json\/wp\/v2\/comments?post=2065"}],"version-history":[{"count":7,"href":"https:\/\/emetgroup.lt\/lt\/wp-json\/wp\/v2\/pages\/2065\/revisions"}],"predecessor-version":[{"id":2074,"href":"https:\/\/emetgroup.lt\/lt\/wp-json\/wp\/v2\/pages\/2065\/revisions\/2074"}],"wp:attachment":[{"href":"https:\/\/emetgroup.lt\/lt\/wp-json\/wp\/v2\/media?parent=2065"}],"curies":[{"name":"wp","href":"https:\/\/api.w.org\/{rel}","templated":true}]}}